{"id":4220,"date":"2017-09-05T11:05:45","date_gmt":"2017-09-05T09:05:45","guid":{"rendered":"https:\/\/www.suzanarp.fr\/about\/"},"modified":"2017-10-12T10:12:47","modified_gmt":"2017-10-12T08:12:47","slug":"about","status":"publish","type":"page","link":"https:\/\/www.suzanarp.fr\/en\/about\/","title":{"rendered":"about"},"content":{"rendered":"<p>[et_pb_section bb_built=&#8221;1&#8243; fullwidth=&#8221;on&#8221; specialty=&#8221;off&#8221; transparent_background=&#8221;off&#8221; allow_player_pause=&#8221;off&#8221; inner_shadow=&#8221;off&#8221; parallax=&#8221;off&#8221; parallax_method=&#8221;on&#8221; custom_padding=&#8221;||0px|&#8221; make_fullwidth=&#8221;off&#8221; use_custom_width=&#8221;off&#8221; width_unit=&#8221;on&#8221; make_equal=&#8221;off&#8221; use_custom_gutter=&#8221;off&#8221;][et_pb_fullwidth_post_title title=&#8221;on&#8221; meta=&#8221;off&#8221; author=&#8221;on&#8221; date=&#8221;on&#8221; categories=&#8221;on&#8221; comments=&#8221;on&#8221; featured_image=&#8221;off&#8221; featured_placement=&#8221;background&#8221; parallax_effect=&#8221;on&#8221; parallax_method=&#8221;off&#8221; text_orientation=&#8221;left&#8221; text_color=&#8221;light&#8221; text_background=&#8221;off&#8221; text_bg_color=&#8221;rgba(255,255,255,0.9)&#8221; module_bg_color=&#8221;#e2007a&#8221; use_border_color=&#8221;off&#8221; border_color=&#8221;#ffffff&#8221; border_style=&#8221;solid&#8221; custom_margin=&#8221;0px|0px|0px|0px&#8221; title_font=&#8221;|||on|&#8221; custom_padding=&#8221;30px|0px|20px|0px&#8221; title_font_size=&#8221;40px&#8221; background_color=&#8221;#e2007a&#8221; parallax=&#8221;on&#8221; \/][\/et_pb_section][et_pb_section bb_built=&#8221;1&#8243; admin_label=&#8221;section&#8221; transparent_background=&#8221;off&#8221; allow_player_pause=&#8221;off&#8221; inner_shadow=&#8221;off&#8221; parallax=&#8221;off&#8221; parallax_method=&#8221;on&#8221; custom_padding=&#8221;0px|||&#8221; make_fullwidth=&#8221;off&#8221; use_custom_width=&#8221;off&#8221; width_unit=&#8221;on&#8221; make_equal=&#8221;off&#8221; use_custom_gutter=&#8221;off&#8221;][et_pb_row admin_label=&#8221;row&#8221; background_position=&#8221;top_left&#8221; background_repeat=&#8221;repeat&#8221; background_size=&#8221;initial&#8221;][et_pb_column type=&#8221;4_4&#8243;][et_pb_text background_layout=&#8221;light&#8221; border_style=&#8221;solid&#8221; background_position=&#8221;top_left&#8221; background_repeat=&#8221;repeat&#8221; background_size=&#8221;initial&#8221; _builder_version=&#8221;3.0.80&#8243; module_alignment=&#8221;left&#8221;]<\/p>\n<h2><img loading=\"lazy\" decoding=\"async\" class=\"alignright size-full wp-image-4047\" src=\"http:\/\/waitsrp.suzanarp.fr\/wp-content\/uploads\/2017\/03\/suzana-biseul-presentation.png\" alt=\"\" width=\"316\" height=\"366\" srcset=\"https:\/\/www.suzanarp.fr\/wp-content\/uploads\/2017\/03\/suzana-biseul-presentation.png 316w, https:\/\/www.suzanarp.fr\/wp-content\/uploads\/2017\/03\/suzana-biseul-presentation-259x300.png 259w\" sizes=\"(max-width: 316px) 100vw, 316px\" \/>What are my skills?<\/h2>\n<ul>\n<li>e-PR<\/li>\n<li>writing and editing<\/li>\n<li>Strategic Communications<\/li>\n<li>Social Media<\/li>\n<li>Marketing<\/li>\n<\/ul>\n<p><strong>Who am I ?<\/strong><\/p>\n<p>I have a strong B2B background with Fortune 500 companies and more than 20 years of experience in the field of communication, and more specifically as a PR Manager in the areas of industry, high-tech and health.<\/p>\n<p>I&#8217;m a Paris (France) based freelance communications specialist with 15 years&#8217; professional experience on my own in writing, editing and media relations.<\/p>\n<p>I hold a Bachelor of Science and techniques of communication and an MA in Modern Literature (Sorbonne-Paris III).<\/p>\n<p>I speak fluent French, English, Portuguese and Spanish.<\/p>\n<p>I have the double experience of the agencies and at the announcer. Since 2002, I work as a freelance. I have advised numerous companies such as Alstom (energy and transports), Steria (SSII), Systran (translation technologies), Novacy (life insurance), Nielsen (a leading global information and measurement company, provides market research, insights &amp; data about what people watch &amp; what people buy), etc.<\/p>\n<p><strong>Build an identity, the reputation of a brand or a company are my daily challenges I can accompany you (or them) with customized communication.<\/strong><\/p>\n<p>The same requirements punctuate my career: service quality, results-oriented culture, listening &amp; proximity to the brands as well as with its network of influential journalists, perfect knowledge of the sector&#8217;s accounts&#8230;<\/p>\n<p><strong>Faced with a media economy in crisis and a digital information ecosystem expanded, the work of PR is more complex. <\/strong>Our industry is changing faster than ever before. With social media and other innovations, the skills of PR professionals today are very different from what they once were.<br \/>\n<strong>It is now my duty to orchestrate multichannel speech taking advertisers with ad hoc content. And convince them of the value of the RP board.<\/strong><\/p>\n<p>What can I say about me? Outside the professional setting, I have a taste for everything related to art and culture, I love to read (books, news and magazines). I have a strong personal interest in science, health, well-being, business issues or public policy. Many topics interest me and I feel like a fish in water when I dive in an international environment with people from all over the world, I love to make our differences all our wealth. <em>Diversity makes the diff\u00e9rence!<\/em><\/p>\n<p><em>\u00a0<\/em><\/p>\n<p><strong>To find more information, please read:<\/strong><\/p>\n<p>Interview made by Marc Michiels\u00a0 for Culture RP : <a href=\"http:\/\/culture-rp.com\/2017\/10\/06\/les-conseils-de-suzana-biseul-freelanceuse-en-rp-pour-une-strategie-marketing-efficace\/#more-88160\" target=\"_blank\" rel=\"noopener\">Les conseils de Suzana Biseul, freelanceuse en RP, pour une strat\u00e9gie marketing efficace<\/a><\/p>\n<p>Interview made by Emmanuelle Putaux in her web site &#8220;une nouvelle \u00e8re&#8221; :\u00a0<a href=\"http:\/\/www.une-nouvelle-ere.fr\/suzana-biseul-attachee-de-presse-entrepreneure-yvelines\/\">SUZANA BISEUL, ENTREPRENEURE ET ATTACH\u00c9E DE PRESSE POUR TPE ET PME<\/a><\/p>\n<p>Interview for the magazine <a href=\"http:\/\/www.marketing-professionnel.fr\/parole-expert\/relations-presse-accompagnement-technique-conseil-pluridisciplinaire-communication-201410.html\">Marketing Professionnel \u2013 Paroles d\u2018Expert<\/a><\/p>\n<p>Interview with <a href=\"http:\/\/www.poledocumentation.fr\/interview-cinq-minutes-avec-suzana-taunais-biseul-fondatrice-de-lagence-suzana-biseul-rp\/\">P\u00f4le Documentation sur le m\u00e9tier d\u2019attach\u00e9e de presse<\/a><\/p>\n<p>[\/et_pb_text][\/et_pb_column][\/et_pb_row][\/et_pb_section][et_pb_section bb_built=&#8221;1&#8243; background_image=&#8221;https:\/\/www.suzanarp.fr\/wp-content\/uploads\/2017\/03\/typewriter2.jpg&#8221; transparent_background=&#8221;off&#8221; allow_player_pause=&#8221;off&#8221; inner_shadow=&#8221;off&#8221; parallax=&#8221;off&#8221; parallax_method=&#8221;on&#8221; make_fullwidth=&#8221;off&#8221; use_custom_width=&#8221;off&#8221; width_unit=&#8221;on&#8221; make_equal=&#8221;off&#8221; use_custom_gutter=&#8221;off&#8221; custom_css_main_element=&#8221;padding:1% 0;&#8221;][et_pb_row make_fullwidth=&#8221;off&#8221; use_custom_width=&#8221;off&#8221; width_unit=&#8221;on&#8221; use_custom_gutter=&#8221;off&#8221; allow_player_pause=&#8221;off&#8221; parallax=&#8221;off&#8221; parallax_method=&#8221;on&#8221; make_equal=&#8221;off&#8221; parallax_1=&#8221;off&#8221; parallax_method_1=&#8221;off&#8221; module_id=&#8221;contactform&#8221; background_position=&#8221;top_left&#8221; background_repeat=&#8221;repeat&#8221; background_size=&#8221;initial&#8221;][et_pb_column type=&#8221;4_4&#8243;][et_pb_text text_orientation=&#8221;center&#8221; header_font_size=&#8221;50px&#8221; background_layout=&#8221;light&#8221; use_border_color=&#8221;off&#8221; border_color=&#8221;#ffffff&#8221; border_style=&#8221;solid&#8221; module_alignment=&#8221;center&#8221; background_position=&#8221;top_left&#8221; background_repeat=&#8221;repeat&#8221; background_size=&#8221;initial&#8221;]<\/p>\n<h1 style=\"text-transform: uppercase;\">Contact<\/h1>\n<p>[\/et_pb_text][\/et_pb_column][\/et_pb_row][et_pb_row][et_pb_column type=&#8221;1_2&#8243;][et_pb_text background_layout=&#8221;light&#8221; text_orientation=&#8221;left&#8221; use_border_color=&#8221;off&#8221; border_color=&#8221;#ffffff&#8221; border_style=&#8221;solid&#8221; module_alignment=&#8221;left&#8221; background_position=&#8221;top_left&#8221; background_repeat=&#8221;repeat&#8221; background_size=&#8221;initial&#8221;]<\/p>\n<h3><img loading=\"lazy\" decoding=\"async\" class=\"wp-image-167 size-full\" src=\"https:\/\/www.suzanarp.fr\/wp-content\/uploads\/2017\/03\/Logo-Suzana-2-e1493374705180.png\" alt=\"\" width=\"200\" height=\"57\" \/><\/h3>\n<h3><img loading=\"lazy\" decoding=\"async\" class=\"alignleft wp-image-282 size-full\" src=\"https:\/\/www.suzanarp.fr\/wp-content\/uploads\/2017\/03\/tel.png\" alt=\"\" width=\"40\" height=\"40\" \/><\/h3>\n<h3>01 30 56 63 82<\/h3>\n<h3><img loading=\"lazy\" decoding=\"async\" class=\"alignleft wp-image-281 size-full\" src=\"https:\/\/www.suzanarp.fr\/wp-content\/uploads\/2017\/03\/mobile.png\" alt=\"\" width=\"40\" height=\"40\" \/><\/h3>\n<h3>06 61 95 34 89<\/h3>\n<h3><img loading=\"lazy\" decoding=\"async\" class=\"alignleft wp-image-289 size-full\" src=\"https:\/\/www.suzanarp.fr\/wp-content\/uploads\/2017\/04\/mail.png\" alt=\"\" width=\"40\" height=\"40\" \/><\/h3>\n<h3><a href=\"mailto:contact@suzanarp.fr\">contact@suzanarp.fr<\/a><\/h3>\n<h3><img loading=\"lazy\" decoding=\"async\" class=\"alignleft wp-image-290 size-full\" src=\"https:\/\/www.suzanarp.fr\/wp-content\/uploads\/2017\/04\/compass.png\" alt=\"\" width=\"40\" height=\"40\" \/><\/h3>\n<h3>PARIS | 78860 Saint-Nom-la-Bret\u00e8che<\/h3>\n<p>[\/et_pb_text][\/et_pb_column][et_pb_column type=&#8221;1_2&#8243;][et_pb_contact_form email=&#8221;contact@suzanarp.fr&#8221; module_id=&#8221;et_pb_contact_form_0&#8243; captcha=&#8221;on&#8221; use_redirect=&#8221;off&#8221; input_border_radius=&#8221;0&#8243; use_border_color=&#8221;off&#8221; border_color=&#8221;#ffffff&#8221; border_style=&#8221;solid&#8221; custom_button=&#8221;off&#8221; button_letter_spacing=&#8221;0&#8243; button_use_icon=&#8221;default&#8221; button_icon_placement=&#8221;right&#8221; button_on_hover=&#8221;on&#8221; button_letter_spacing_hover=&#8221;0&#8243;] [et_pb_contact_field field_id=&#8221;Name&#8221; field_title=&#8221;Name&#8221; field_type=&#8221;input&#8221; required_mark=&#8221;on&#8221; field_background_color=&#8221;rgba(255,255,255,0.8)&#8221; fullwidth_field=&#8221;off&#8221; form_field_font_select=&#8221;default&#8221; form_field_font=&#8221;||||&#8221; use_border_color=&#8221;off&#8221; border_style=&#8221;solid&#8221; \/][et_pb_contact_field field_id=&#8221;Email&#8221; field_title=&#8221;Email&#8221; field_type=&#8221;email&#8221; required_mark=&#8221;on&#8221; field_background_color=&#8221;rgba(255,255,255,0.8)&#8221; fullwidth_field=&#8221;off&#8221; form_field_font_select=&#8221;default&#8221; form_field_font=&#8221;||||&#8221; use_border_color=&#8221;off&#8221; border_style=&#8221;solid&#8221; \/][et_pb_contact_field field_id=&#8221;Message&#8221; field_title=&#8221;Message&#8221; field_type=&#8221;text&#8221; fullwidth_field=&#8221;on&#8221; required_mark=&#8221;on&#8221; field_background_color=&#8221;rgba(255,255,255,0.8)&#8221; form_field_font_select=&#8221;default&#8221; form_field_font=&#8221;||||&#8221; use_border_color=&#8221;off&#8221; border_style=&#8221;solid&#8221; \/] [\/et_pb_contact_form][\/et_pb_column][\/et_pb_row][\/et_pb_section][et_pb_section bb_built=&#8221;1&#8243; fullwidth=&#8221;off&#8221; specialty=&#8221;off&#8221; transparent_background=&#8221;off&#8221; background_color=&#8221;#e2007a&#8221; allow_player_pause=&#8221;off&#8221; inner_shadow=&#8221;off&#8221; parallax=&#8221;off&#8221; parallax_method=&#8221;on&#8221; make_fullwidth=&#8221;off&#8221; use_custom_width=&#8221;off&#8221; width_unit=&#8221;on&#8221; make_equal=&#8221;off&#8221; use_custom_gutter=&#8221;off&#8221; custom_padding=&#8221;0px||0px|&#8221;][et_pb_row][et_pb_column type=&#8221;1_3&#8243;][et_pb_text background_layout=&#8221;dark&#8221; text_orientation=&#8221;left&#8221; use_border_color=&#8221;off&#8221; border_color=&#8221;#ffffff&#8221; border_style=&#8221;solid&#8221; text_text_color=&#8221;#ffffff&#8221; module_alignment=&#8221;left&#8221; background_position=&#8221;top_left&#8221; background_repeat=&#8221;repeat&#8221; background_size=&#8221;initial&#8221;]<\/p>\n<p>Suzana Biseul is an active member of :<br \/>\n<span style=\"color: #ffffff;\"><a style=\"color: #ffffff;\" href=\"http:\/\/www.prformance.com\/\" target=\"_blank\" rel=\"noopener noreferrer\">PRformance <\/a>et <a style=\"color: #ffffff;\" href=\"https:\/\/electronsassocies.wordpress.com\/\" target=\"_blank\" rel=\"noopener noreferrer\">Les \u00e9lectrons associ\u00e9s<\/a><\/span><\/p>\n<p>[\/et_pb_text][\/et_pb_column][et_pb_column type=&#8221;1_3&#8243;][\/et_pb_column][et_pb_column type=&#8221;1_3&#8243;][et_pb_text background_layout=&#8221;light&#8221; text_orientation=&#8221;left&#8221; use_border_color=&#8221;off&#8221; border_color=&#8221;#ffffff&#8221; border_style=&#8221;solid&#8221; text_text_color=&#8221;#ffffff&#8221; module_alignment=&#8221;left&#8221; background_position=&#8221;top_left&#8221; background_repeat=&#8221;repeat&#8221; background_size=&#8221;initial&#8221;] <span style=\"color: #ffffff;\"><a style=\"color: #ffffff;\" href=\"https:\/\/www.facebook.com\/suzana.biseul\" target=\"_blank\" rel=\"noopener noreferrer\">Facebook<\/a> | <a style=\"color: #ffffff;\" href=\"https:\/\/twitter.com\/suzanaBi\" target=\"_blank\" rel=\"noopener noreferrer\">Twitter<\/a> | <a style=\"color: #ffffff;\" href=\"https:\/\/www.linkedin.com\/pub\/suzana-biseul\/1\/47b\/b62\" target=\"_blank\" rel=\"noopener noreferrer\">LinkedIn<\/a> | <a style=\"color: #ffffff;\" href=\"https:\/\/plus.google.com\/101573938320119686438\" target=\"_blank\" rel=\"noopener noreferrer\">Google +<\/a> | <a style=\"color: #ffffff;\" href=\"http:\/\/www.viadeo.com\/fr\/profile\/suzana.biseul\" target=\"_blank\" rel=\"noopener noreferrer\">Viadeo<\/a> | <a style=\"color: #ffffff;\" href=\"http:\/\/www.pinterest.com\/suzanabiseul\/\" target=\"_blank\" rel=\"noopener noreferrer\">Pinterest<\/a> | <a style=\"color: #ffffff;\" href=\"http:\/\/www.scoop.it\/u\/suzana-biseul-pro\" target=\"_blank\" rel=\"noopener noreferrer\">Scoop IT<\/a><\/span> [\/et_pb_text][\/et_pb_column][\/et_pb_row][\/et_pb_section]<\/p>\n","protected":false},"excerpt":{"rendered":"<p>What are my skills? e-PR writing and editing Strategic Communications Social Media Marketing Who am I ? I have a strong B2B background with Fortune 500 companies and more than 20 years of experience in the field of communication, and more specifically as a PR Manager in the areas of industry, high-tech and health. I&#8217;m [&hellip;]<\/p>\n","protected":false},"author":1,"featured_media":0,"parent":0,"menu_order":0,"comment_status":"closed","ping_status":"closed","template":"","meta":{"_et_pb_use_builder":"on","_et_pb_old_content":"<h2>Quels sont mes m\u00e9tiers ?<\/h2><ul><li>e-RP<\/li><li>conseil \u00e9ditorial<\/li><li>contenu<\/li><li>communication corporate<\/li><li>blogging<\/li><li>organisation d\u2019\u00e9v\u00e8nements<\/li><li>strat\u00e9gie social media, ...<\/li><\/ul><p>Quelques chiffres cl\u00e9s : ou Suzana Biseul RP en chiffres : (key figures)<\/p><ul><li>+ 20\u00a0 ans d\u2019exp\u00e9rience<\/li><li>+ 12 ans d\u2019existence en tant que freelance<\/li><li>+ 1000 Communiqu\u00e9s de presse r\u00e9alis\u00e9s<\/li><li>+ 100 soci\u00e9t\u00e9s conseill\u00e9es<\/li><\/ul><h2>Qui suis-je ?<\/h2><p>Cr\u00e9ative, organis\u00e9e, experte des contenus multiformes en qu\u00eate de nouvelles tendances.<\/p><p>V\u00e9ritable PR Manager, capable de d\u00e9finir des strat\u00e9gies de communication num\u00e9rique innovantes, tourn\u00e9es vers des consommateurs avides de contenus adapt\u00e9s au digital.<\/p><p>Forte de 20 ann\u00e9es d'exp\u00e9rience dans la communication, plus pr\u00e9cis\u00e9ment comme attach\u00e9e de presse sp\u00e9cialis\u00e9e dans les secteurs de l'industrie, du high tech et de la grande consommation, je propose depuis 2002 mes services en tant qu'ind\u00e9pendante. Je suis membre des r\u00e9seaux PRformance et Les \u00e9lectrons associ\u00e9s<\/p><p>Un portefeuille clients tr\u00e8s diversifi\u00e9 alliant nouvelles technologies, sant\u00e9, produits grand public me permet de vous offrir l'opportunit\u00e9 d'obtenir une visibilit\u00e9 dans un large panel de m\u00e9dias.<\/p><p>Ma ma\u00eetrise de quatre langues (fran\u00e7ais, anglais, portugais et espagnol) me permet d'\u00e9voluer avec aisance dans la presse internationale.<br \/> Je suis titulaire d\u2019une licence de sciences et techniques de la communication et d\u2019une ma\u00eetrise de lettres modernes (Sorbonne-Paris III).<\/p><p>J\u2019ai commenc\u00e9 ma carri\u00e8re chez l\u2019annonceur (Alstom) et ensuite je suis pass\u00e9e dans le monde des agences (Actus High-Tech), j\u2019ai conseill\u00e9 de nombreuses soci\u00e9t\u00e9s telles que, Steria (SSII), Systran (traduction automatique) Novacy (assurance-vie).<\/p><p>Depuis 2002, je travaille en tant que free-lance. J\u2019ai ainsi assur\u00e9 les relations presse des salons professionnels du groupe Reed Exhibitions (Documation, Forum XML\u2026), Le Forum de la Geide, le lancement en France de la Wi-Fi Alliance et les relations presse des diverses soci\u00e9t\u00e9s informatiques : L\u00e9gal Suite (logiciels juridiques), Conex (logiciels pour la douane), Soft Solutions (logiciels pour la grande distribution), Sfeir (SSII) entre autres soci\u00e9t\u00e9s.<\/p><p>J\u2019ai \u00e9galement travaill\u00e9 dans les secteurs, comme la sant\u00e9 (Salons ORL, R\u00e9animation, F\u00e9d\u00e9ration JALMALV) ou dans la grande consommation (NIELSEN), le tourisme (Tripadvisor)\u2026<\/p><p>Construire une identit\u00e9, b\u00e2tir la r\u00e9putation d\u2019une marque ou d\u2019une entreprise sont les challenges quotidiens que je rel\u00e8ve en les accompagnant avec une communication sur mesure.<\/p><p>Des exigences ponctuent mon parcours : qualit\u00e9 de service, culture du r\u00e9sultat, \u00e9coute & proximit\u00e9 avec les marques tout comme avec son r\u00e9seau de journalistes influents et des influenceurs, parfaite connaissance du secteur de mes comptes comme celui de la presse.<\/p><p>Face \u00e0 une \u00e9conomie des m\u00e9dias en crise et un \u00e9cosyst\u00e8me d'information \u00e9largi au digital, le m\u00e9tier des relations presse se complexifie. Il s'agit d\u00e9sormais pour moi d'orchestrer la prise de parole multicanal des annonceurs avec des contenus ad hoc. Et de les convaincre de la valeur ajout\u00e9e du conseil RP.<\/p><p>Que dire de plus sur moi ? En dehors du cadre professionnel, j\u2019ai un go\u00fbt prononc\u00e9 pour tout ce qui touche \u00e0 l\u2019art et \u00e0 la culture, j\u2019aime lire. Beaucoup de sujets me passionnent et je me sens comme un poisson dans l\u2019eau lorsque je plonge dans une ambiance internationale avec des gens venant des quatre coins du monde, j\u2019aime beaucoup faire de nos diff\u00e9rences toute notre richesse. Diversity makes the diff\u00e9rence!<\/p><h2>En savoir plus<\/h2><p>Entretien fait par Emmanuelle Putaux sur son site \u00ab une nouvelle \u00e8re \u00bb : <a href=\"http:\/\/www.une-nouvelle-ere.fr\/suzana-biseul-attachee-de-presse-entrepreneure-yvelines\/\" target=\"_blank\" rel=\"noopener noreferrer\">SUZANA BISEUL, ENTREPRENEURE ET ATTACH\u00c9E DE PRESSE POUR TPE ET PME<\/a><\/p><p>Entretien pour la revue <a href=\"http:\/\/www.marketing-professionnel.fr\/parole-expert\/relations-presse-accompagnement-technique-conseil-pluridisciplinaire-communication-201410.html\" target=\"_blank\" rel=\"noopener noreferrer\">Marketing Professionnel - Paroles d\u2018Expert <\/a><\/p><p>Entretien avec <a href=\"http:\/\/www.poledocumentation.fr\/interview-cinq-minutes-avec-suzana-taunais-biseul-fondatrice-de-lagence-suzana-biseul-rp\/\" target=\"_blank\" rel=\"noopener noreferrer\">P\u00f4le Documentation sur le m\u00e9tier d\u2019attach\u00e9e de presse<\/a><\/p>","_et_gb_content_width":"","footnotes":""},"class_list":["post-4220","page","type-page","status-publish","hentry"],"_links":{"self":[{"href":"https:\/\/www.suzanarp.fr\/en\/wp-json\/wp\/v2\/pages\/4220","targetHints":{"allow":["GET"]}}],"collection":[{"href":"https:\/\/www.suzanarp.fr\/en\/wp-json\/wp\/v2\/pages"}],"about":[{"href":"https:\/\/www.suzanarp.fr\/en\/wp-json\/wp\/v2\/types\/page"}],"author":[{"embeddable":true,"href":"https:\/\/www.suzanarp.fr\/en\/wp-json\/wp\/v2\/users\/1"}],"replies":[{"embeddable":true,"href":"https:\/\/www.suzanarp.fr\/en\/wp-json\/wp\/v2\/comments?post=4220"}],"version-history":[{"count":5,"href":"https:\/\/www.suzanarp.fr\/en\/wp-json\/wp\/v2\/pages\/4220\/revisions"}],"predecessor-version":[{"id":4474,"href":"https:\/\/www.suzanarp.fr\/en\/wp-json\/wp\/v2\/pages\/4220\/revisions\/4474"}],"wp:attachment":[{"href":"https:\/\/www.suzanarp.fr\/en\/wp-json\/wp\/v2\/media?parent=4220"}],"curies":[{"name":"wp","href":"https:\/\/api.w.org\/{rel}","templated":true}]}}