{"id":4225,"date":"2017-09-05T11:08:09","date_gmt":"2017-09-05T09:08:09","guid":{"rendered":"https:\/\/www.suzanarp.fr\/services\/"},"modified":"2017-09-18T11:26:18","modified_gmt":"2017-09-18T09:26:18","slug":"services","status":"publish","type":"page","link":"https:\/\/www.suzanarp.fr\/en\/services\/","title":{"rendered":"services"},"content":{"rendered":"<p>[et_pb_section bb_built=&#8221;1&#8243; fullwidth=&#8221;on&#8221; specialty=&#8221;off&#8221; transparent_background=&#8221;off&#8221; allow_player_pause=&#8221;off&#8221; inner_shadow=&#8221;off&#8221; parallax=&#8221;off&#8221; parallax_method=&#8221;on&#8221; custom_padding=&#8221;||0px|&#8221; make_fullwidth=&#8221;off&#8221; use_custom_width=&#8221;off&#8221; width_unit=&#8221;on&#8221; make_equal=&#8221;off&#8221; use_custom_gutter=&#8221;off&#8221;][et_pb_fullwidth_post_title title=&#8221;on&#8221; meta=&#8221;off&#8221; author=&#8221;on&#8221; date=&#8221;on&#8221; categories=&#8221;on&#8221; comments=&#8221;on&#8221; featured_image=&#8221;off&#8221; featured_placement=&#8221;background&#8221; parallax_effect=&#8221;on&#8221; parallax_method=&#8221;on&#8221; text_orientation=&#8221;left&#8221; text_color=&#8221;light&#8221; text_background=&#8221;off&#8221; text_bg_color=&#8221;rgba(255,255,255,0.9)&#8221; module_bg_color=&#8221;#e2007a&#8221; use_border_color=&#8221;off&#8221; border_color=&#8221;#ffffff&#8221; border_style=&#8221;solid&#8221; custom_margin=&#8221;0px|0px|0px|0px&#8221; title_font=&#8221;|||on|&#8221; custom_padding=&#8221;30px|0px|20px|0px&#8221; title_font_size=&#8221;40px&#8221; \/][\/et_pb_section][et_pb_section bb_built=&#8221;1&#8243; admin_label=&#8221;section&#8221; transparent_background=&#8221;off&#8221; allow_player_pause=&#8221;off&#8221; inner_shadow=&#8221;off&#8221; parallax=&#8221;off&#8221; parallax_method=&#8221;on&#8221; custom_padding=&#8221;0px|||&#8221; make_fullwidth=&#8221;off&#8221; use_custom_width=&#8221;off&#8221; width_unit=&#8221;on&#8221; make_equal=&#8221;off&#8221; use_custom_gutter=&#8221;off&#8221;][et_pb_row admin_label=&#8221;row&#8221; background_position=&#8221;top_left&#8221; background_repeat=&#8221;repeat&#8221; background_size=&#8221;initial&#8221;][et_pb_column type=&#8221;4_4&#8243;][et_pb_text background_layout=&#8221;light&#8221; text_orientation=&#8221;left&#8221; border_style=&#8221;solid&#8221; background_position=&#8221;top_left&#8221; background_repeat=&#8221;repeat&#8221; background_size=&#8221;initial&#8221; _builder_version=&#8221;3.0.71&#8243;]<\/p>\n<p><img loading=\"lazy\" decoding=\"async\" class=\"alignleft wp-image-4049 size-full\" style=\"margin-right: 20px;\" title=\"prestations relations presse Suzana Biseul\" src=\"http:\/\/waitsrp.suzanarp.fr\/wp-content\/uploads\/2017\/03\/innovative-ideas.png\" alt=\"prestations relations presse Suzana Biseul\" width=\"300\" height=\"472\" srcset=\"https:\/\/www.suzanarp.fr\/wp-content\/uploads\/2017\/03\/innovative-ideas.png 300w, https:\/\/www.suzanarp.fr\/wp-content\/uploads\/2017\/03\/innovative-ideas-191x300.png 191w\" sizes=\"(max-width: 300px) 100vw, 300px\" \/><\/p>\n<ul>\n<li><strong>Develop<\/strong> and implement strategic PR programs to achieve significant increases in brand awareness<\/li>\n<li><strong>Write<\/strong> clear and compelling press releases, by-lined articles, business cases, press kits\u2026Find story better angles<\/li>\n<li><strong>Identify<\/strong> key media outlets<\/li>\n<li><strong>Cultivate<\/strong> relationships with key business journalists in national and trade publications<\/li>\n<li><strong>Pitch stories<\/strong> to both national and local media. Achieve highest visibility for in print, broadcast, TV and online media outlets<\/li>\n<li><strong>Organize<\/strong> events: seminars, business meetings, conferences and press tours, exhibitions, open days&#8230;<\/li>\n<li><strong>Identify<\/strong> media trends, news cycles and spin opportunities<\/li>\n<li><strong>Manage<\/strong> proactively editorial calendars.<\/li>\n<li><strong>Analyze<\/strong> and measure results of PR programs.<\/li>\n<\/ul>\n<h2>How to increase your reputation ?<\/h2>\n<p><em>It all starts with a meeting. <\/em><\/p>\n<p><em>The first appointment is essential to know and understand how to work together.<\/em><\/p>\n<p>In terms of PR, each case is <strong>unique<\/strong> and <strong>meets specific objectives<\/strong> may be:<\/p>\n<ul>\n<li><strong>Define<\/strong> the profile of your company and build him a communication territory of its own; capitalize on the brand<\/li>\n<li><strong>Create<\/strong> and implement a proactive information and recurring thread in the media<\/li>\n<li><strong>Diversify <\/strong>content on business communication sectors, partners, internationally, the testimony of customers &#8230;<\/li>\n<li><strong>Amplify<\/strong> the volume and quality of articles (including defining indicators to measure the recovery of your key messages)<\/li>\n<li><strong>Position<\/strong> yourself on the content (which interested journalists = &gt; expertise), which improves the SEO (=&gt; visibility on the web + leads), which provides power to the communication channels (e-mailing , social networking), etc. .<\/li>\n<\/ul>\n<h2><img loading=\"lazy\" decoding=\"async\" class=\"alignright size-full wp-image-4051\" src=\"https:\/\/www.suzanarp.fr\/wp-content\/uploads\/2017\/03\/marketing-seo-relationship.png\" alt=\"\" width=\"450\" height=\"300\" srcset=\"https:\/\/www.suzanarp.fr\/wp-content\/uploads\/2017\/03\/marketing-seo-relationship.png 450w, https:\/\/www.suzanarp.fr\/wp-content\/uploads\/2017\/03\/marketing-seo-relationship-300x200.png 300w\" sizes=\"(max-width: 450px) 100vw, 450px\" \/>The strategy<\/h2>\n<ul>\n<li><strong>\u00ab\u00a0on going\u00a0\u00bb Programme <\/strong>(press office) with monthly thematic campaigns, trades and \/ or sectoral<\/li>\n<li><strong>Recurrent Communication <\/strong>and optimized form:<\/li>\n<\/ul>\n<p>&#8211; From &#8220;success stories&#8221;<\/p>\n<p>&#8211; Press releases<\/p>\n<p>&#8211; Individual interviews<\/p>\n<p>&#8211; Visits &#8220;discovery&#8221; of your company or those in which you are present<\/p>\n<ul>\n<li><strong>Proactive and creative approach<\/strong> to exploit the news: &#8220;ideas factory&#8221;<\/li>\n<li><strong>Agreements and \/ or partnerships<\/strong> to legitimize the message<\/li>\n<li><strong>Press Releases<\/strong>: partnerships, new clients, etc. &#8230;. Addressing a topical or contact a business opinion etc &#8230;.<\/li>\n<li><strong>Editorial Intelligence<\/strong>: identification and characterization of editorial files<\/li>\n<li><strong>Expert paper<\/strong> (eg research topics or expertise of an employee) placed in the press<\/li>\n<\/ul>\n<p>Once you have defined objectives and strategy, I prepared a list of targeted media:<\/p>\n<ul>\n<li>Press agencies (AFP, NAO Press, Bloomberg, &#8230;)<\/li>\n<li>Daily press (Parisien, Le Monde, Les Echos, La Tribune &#8230;)<\/li>\n<li>Weekly and Monthly Magazine (New Observer, The Express, Challenges, Marianne, VSD, Le Point, &#8230;)<\/li>\n<li>Vertical Business Press (industries where your company is present)<\/li>\n<li>Websites and specialized blogs.<\/li>\n<\/ul>\n<p>Then I propose a precise timetable for the mission to be performed.<\/p>\n<h2>My Tools<\/h2>\n<p>As part of the mission, the following tools will be used:<\/p>\n<p>&#8211; Database of journalists from the print and broadcast media (Hors Antenne)<\/p>\n<p>&#8211; Editorial Schedules European French and Francophone press (Hors Antenne and Features Exec)<\/p>\n<p>&#8211; Dissemination of an exclusive network of information portals and social networks (facebook, twitter, google+, Linkedin, etc &#8230;).<\/p>\n<p>&nbsp;<\/p>\n<p>[\/et_pb_text][\/et_pb_column][\/et_pb_row][\/et_pb_section][et_pb_section bb_built=&#8221;1&#8243; background_image=&#8221;https:\/\/www.suzanarp.fr\/wp-content\/uploads\/2017\/03\/typewriter2.jpg&#8221; custom_css_main_element=&#8221;padding:1% 0;&#8221; _builder_version=&#8221;3.0.71&#8243;][et_pb_row make_fullwidth=&#8221;off&#8221; use_custom_width=&#8221;off&#8221; width_unit=&#8221;on&#8221; use_custom_gutter=&#8221;off&#8221; allow_player_pause=&#8221;off&#8221; parallax=&#8221;off&#8221; parallax_method=&#8221;on&#8221; make_equal=&#8221;off&#8221; parallax_1=&#8221;off&#8221; parallax_method_1=&#8221;off&#8221; module_id=&#8221;contactform&#8221; background_position=&#8221;top_left&#8221; background_repeat=&#8221;repeat&#8221; background_size=&#8221;initial&#8221;][et_pb_column type=&#8221;4_4&#8243;][et_pb_text text_orientation=&#8221;center&#8221; header_font_size=&#8221;50px&#8221; background_layout=&#8221;light&#8221; use_border_color=&#8221;off&#8221; border_color=&#8221;#ffffff&#8221; border_style=&#8221;solid&#8221; background_position=&#8221;top_left&#8221; background_repeat=&#8221;repeat&#8221; background_size=&#8221;initial&#8221;]<\/p>\n<h1 style=\"text-transform: uppercase;\">Contact<\/h1>\n<p>[\/et_pb_text][\/et_pb_column][\/et_pb_row][et_pb_row][et_pb_column type=&#8221;1_2&#8243;][et_pb_text background_layout=&#8221;light&#8221; text_orientation=&#8221;left&#8221; border_style=&#8221;solid&#8221; background_position=&#8221;top_left&#8221; background_repeat=&#8221;repeat&#8221; background_size=&#8221;initial&#8221; _builder_version=&#8221;3.0.71&#8243;]<\/p>\n<h3><img loading=\"lazy\" decoding=\"async\" class=\"wp-image-167 size-full\" src=\"https:\/\/www.suzanarp.fr\/wp-content\/uploads\/2017\/03\/Logo-Suzana-2-e1493374705180.png\" alt=\"\" width=\"200\" height=\"57\" \/><\/h3>\n<h3><img loading=\"lazy\" decoding=\"async\" class=\"alignleft wp-image-282 size-full\" src=\"https:\/\/www.suzanarp.fr\/wp-content\/uploads\/2017\/03\/tel.png\" alt=\"\" width=\"40\" height=\"40\" \/><\/h3>\n<h3>01 30 56 63 82<\/h3>\n<h3><img loading=\"lazy\" decoding=\"async\" class=\"alignleft wp-image-281 size-full\" src=\"https:\/\/www.suzanarp.fr\/wp-content\/uploads\/2017\/03\/mobile.png\" alt=\"\" width=\"40\" height=\"40\" \/><\/h3>\n<h3>06 61 95 34 89<\/h3>\n<h3><img loading=\"lazy\" decoding=\"async\" class=\"alignleft wp-image-289 size-full\" src=\"https:\/\/www.suzanarp.fr\/wp-content\/uploads\/2017\/04\/mail.png\" alt=\"\" width=\"40\" height=\"40\" \/><\/h3>\n<h3><a href=\"mailto:contact@suzanarp.fr\">contact@suzanarp.fr<\/a><\/h3>\n<h3><img loading=\"lazy\" decoding=\"async\" class=\"alignleft wp-image-290 size-full\" src=\"https:\/\/www.suzanarp.fr\/wp-content\/uploads\/2017\/04\/compass.png\" alt=\"\" width=\"40\" height=\"40\" \/><\/h3>\n<h3>PARIS | 78860 Saint-Nom-la-Bret\u00e8che<\/h3>\n<p>[\/et_pb_text][\/et_pb_column][et_pb_column type=&#8221;1_2&#8243;][et_pb_contact_form email=&#8221;contact@suzanarp.fr&#8221; module_id=&#8221;et_pb_contact_form_0&#8243;] [et_pb_contact_field field_id=&#8221;Name&#8221; field_title=&#8221;Name&#8221;][\/et_pb_contact_field][et_pb_contact_field field_id=&#8221;Email&#8221; field_title=&#8221;Email&#8221; field_type=&#8221;email&#8221;][\/et_pb_contact_field][et_pb_contact_field field_id=&#8221;Message&#8221; field_title=&#8221;Message&#8221; field_type=&#8221;text&#8221; fullwidth_field=&#8221;on&#8221;][\/et_pb_contact_field] [\/et_pb_contact_form][\/et_pb_column][\/et_pb_row][\/et_pb_section][et_pb_section bb_built=&#8221;1&#8243; fullwidth=&#8221;off&#8221; specialty=&#8221;off&#8221; transparent_background=&#8221;off&#8221; background_color=&#8221;#e2007a&#8221; allow_player_pause=&#8221;off&#8221; inner_shadow=&#8221;off&#8221; parallax=&#8221;off&#8221; parallax_method=&#8221;on&#8221; make_fullwidth=&#8221;off&#8221; use_custom_width=&#8221;off&#8221; width_unit=&#8221;on&#8221; make_equal=&#8221;off&#8221; use_custom_gutter=&#8221;off&#8221; custom_padding=&#8221;0px||0px|&#8221;][et_pb_row][et_pb_column type=&#8221;1_3&#8243;][et_pb_text background_layout=&#8221;dark&#8221; text_orientation=&#8221;left&#8221; use_border_color=&#8221;off&#8221; border_color=&#8221;#ffffff&#8221; border_style=&#8221;solid&#8221; text_text_color=&#8221;#ffffff&#8221; background_position=&#8221;top_left&#8221; background_repeat=&#8221;repeat&#8221; background_size=&#8221;initial&#8221;]<\/p>\n<p>Suzana Biseul is an active member of :<br \/>\n<span style=\"color: #ffffff;\"><a style=\"color: #ffffff;\" href=\"http:\/\/www.prformance.com\/\" target=\"_blank\" rel=\"noopener noreferrer\">PRformance <\/a>et <a style=\"color: #ffffff;\" href=\"https:\/\/electronsassocies.wordpress.com\/\" target=\"_blank\" rel=\"noopener noreferrer\">Les \u00e9lectrons associ\u00e9s<\/a><\/span><\/p>\n<p>&nbsp;<\/p>\n<p>[\/et_pb_text][\/et_pb_column][et_pb_column type=&#8221;1_3&#8243;][\/et_pb_column][et_pb_column type=&#8221;1_3&#8243;][et_pb_text background_layout=&#8221;light&#8221; text_orientation=&#8221;left&#8221; use_border_color=&#8221;off&#8221; border_color=&#8221;#ffffff&#8221; border_style=&#8221;solid&#8221; text_text_color=&#8221;#ffffff&#8221; background_position=&#8221;top_left&#8221; background_repeat=&#8221;repeat&#8221; background_size=&#8221;initial&#8221;]<\/p>\n<p><span style=\"color: #ffffff;\"><a style=\"color: #ffffff;\" href=\"https:\/\/www.facebook.com\/suzana.biseul\" target=\"_blank\" rel=\"noopener noreferrer\">Facebook<\/a> | <a style=\"color: #ffffff;\" href=\"https:\/\/twitter.com\/suzanaBi\" target=\"_blank\" rel=\"noopener noreferrer\">Twitter<\/a> | <a style=\"color: #ffffff;\" href=\"https:\/\/www.linkedin.com\/pub\/suzana-biseul\/1\/47b\/b62\" target=\"_blank\" rel=\"noopener noreferrer\">LinkedIn<\/a> | <a style=\"color: #ffffff;\" href=\"https:\/\/plus.google.com\/101573938320119686438\" target=\"_blank\" rel=\"noopener noreferrer\">Google +<\/a> | <a style=\"color: #ffffff;\" href=\"http:\/\/www.viadeo.com\/fr\/profile\/suzana.biseul\" target=\"_blank\" rel=\"noopener noreferrer\">Viadeo<\/a> | <a style=\"color: #ffffff;\" href=\"http:\/\/www.pinterest.com\/suzanabiseul\/\" target=\"_blank\" rel=\"noopener noreferrer\">Pinterest<\/a> | <a style=\"color: #ffffff;\" href=\"http:\/\/www.scoop.it\/u\/suzana-biseul-pro\" target=\"_blank\" rel=\"noopener noreferrer\">Scoop IT<\/a><\/span><\/p>\n<p>[\/et_pb_text][\/et_pb_column][\/et_pb_row][\/et_pb_section]<\/p>\n","protected":false},"excerpt":{"rendered":"<p>Develop and implement strategic PR programs to achieve significant increases in brand awareness Write clear and compelling press releases, by-lined articles, business cases, press kits\u2026Find story better angles Identify key media outlets Cultivate relationships with key business journalists in national and trade publications Pitch stories to both national and local media. Achieve highest visibility for [&hellip;]<\/p>\n","protected":false},"author":1,"featured_media":0,"parent":0,"menu_order":0,"comment_status":"closed","ping_status":"closed","template":"","meta":{"_et_pb_use_builder":"on","_et_pb_old_content":"<ul><li>G\u00e9rer et v\u00e9hiculer l\u2019image de chaque soci\u00e9t\u00e9 dans son ensemble<\/li><li>R\u00e9aliser les supports de communication adapt\u00e9s (communiqu\u00e9s, dossiers de presse, business cases, tribunes\u2026)<\/li><li>Concevoir le contenu et la forme des messages<\/li><li>Entretenir le contact entre les interlocuteurs de l\u2019entreprise et les m\u00e9dias<\/li><li>N\u00e9gocier avec les prestataires et fournisseurs. Suivre la production des documents<\/li><li>Organiser des manifestations : salons, s\u00e9minaires, rencontres professionnelles, \u00e9v\u00e9nements, conf\u00e9rences et voyages de presse...<\/li><li>V\u00e9rifier la mise \u00e0 jour des fichiers presse<\/li><li>\u00c9valuer les retomb\u00e9es des actions de communication<\/li><\/ul><h2>Comment accro\u00eetre votre notori\u00e9t\u00e9 ?<\/h2><p>Tout commence par une rencontre.<\/p><p>Ce premier rendez-vous est indispensable pour faire connaissance et comprendre la mani\u00e8re de travailler de l'un et de l'autre.<\/p><p>En mati\u00e8re de relations presse, chaque cas est unique, et r\u00e9pond \u00e0 des objectifs pr\u00e9cis qui peuvent \u00eatre :<\/p><ul><li>D\u00e9finir le profil de votre soci\u00e9t\u00e9 et lui construire un territoire de communication qui lui soit propre; capitaliser sur la marque<\/li><li>Cr\u00e9er et mettre en \u0153uvre un fil d\u2019information r\u00e9current et proactif vis-\u00e0-vis des m\u00e9dias<\/li><li>Diversifier les contenus en montant en puissance sur la communication m\u00e9tiers, secteurs, partenaires, l\u2019international, le t\u00e9moignage des clients\u2026<\/li><li>Amplifier le volume et la qualit\u00e9 des articles (d\u00e9finir notamment des indicateurs pour mesurer la reprise de vos messages cl\u00e9s)<\/li><li>Vous positionner sur le contenu (qui int\u00e9resse les journalistes => expertise), qui permet d'am\u00e9liorer le SEO (=> visibilit\u00e9 sur le web + leads), qui permet d'alimenter les canaux de communication (e-mailing, r\u00e9seaux sociaux), etc.<\/li><\/ul><p>Selon votre probl\u00e9matique, je vais mettre en place une strat\u00e9gie presse personnalis\u00e9e. Voici quelques exemples :<\/p><ul><li>Programme \u00ab on going \u00bb (bureau de presse) avec des campagnes th\u00e9matiques mensuelles, m\u00e9tiers et\/ou sectorielles<\/li><li>Communication r\u00e9currente et optimis\u00e9e sous forme:<ul><li>- de \u00absucces stories\u00bb<\/li><li>- de communiqu\u00e9s de presse<\/li><li>- d\u2019interviews individuelles<\/li><li>- de visites \u00abd\u00e9couverte\u00bb de votre soci\u00e9t\u00e9 ou de celles o\u00f9 vous \u00eates pr\u00e9sents<\/li><\/ul><\/li><li>D\u00e9marche proactive et cr\u00e9ative pour exploiter l\u2019actualit\u00e9: \u00ab l\u2019usine \u00e0 id\u00e9es \u00bb<\/li><li>Exploitation des accords et\/ou partenariats pour l\u00e9gitimer le message<\/li><li>Communiqu\u00e9s de presse: partenariats, nouveaux clients, etc.\u2026 Aborder un th\u00e8me d\u2019actualit\u00e9 ou communiquer une opinion m\u00e9tier etc.\u2026<\/li><li>Veille r\u00e9dactionnelle: identification et qualification des dossiers r\u00e9dactionnels annonc\u00e9s<\/li><li>Papiers d\u2019expert (th\u00e8mes de recherche par exemple ou l\u2019expertise d\u2019un collaborateur) plac\u00e9s dans la presse<\/li><li>Des RP au brand content - Les nouveaux m\u00e9dias s\u2019int\u00e9ressent de plus en plus aux expertises des entreprises. Tribunes libres, guest blogging, newsletters, plateformes de partage de connaissances, de plus en plus d\u2019espaces de communication sont ouverts aux professionnels pour qu\u2019ils puissent exposer leurs points de vue et leurs analyses de march\u00e9. Citons par exemple, le Cercle les Echos, les tribunes du Journal du Net, etc. Ainsi, toute strat\u00e9gie de contenu r\u00e9ussie doit utiliser le levier des relations presse et influenceurs pour se construire son audience et asseoir sa notori\u00e9t\u00e9.<br \/> Une fois vos objectifs et la strat\u00e9gie d\u00e9finis, je vous \u00e9tablis une liste de m\u00e9dias cibl\u00e9s :<ul><li>Agences de presse (AFP, Agence Education Emploi Formation, NAO Presse, \u2026),<\/li><li>Presse quotidienne et m\u00e9dias audiovisuels (le Parisien, Le Monde, Les Echos, La Tribune\u2026),<\/li><li>Magazine hebdo et mensuels (Le nouvel Observateur, L\u2019Express, Challenges, Marianne, VSD, Le Point, \u2026),<\/li><li>Presse sp\u00e9cialis\u00e9e verticale (secteurs d\u2019activit\u00e9 o\u00f9 votre soci\u00e9t\u00e9 est pr\u00e9sente,<\/li><li>Sites Internet et blogs sp\u00e9cialis\u00e9s.<\/li><\/ul><\/li><\/ul><p>Je vous propose ensuite un calendrier pr\u00e9cis de la mission \u00e0 r\u00e9aliser.<\/p><h2>Mes outils<\/h2><p>Dans le cadre de la mission, les outils suivants seront utilis\u00e9s :<\/p><ul><li>Base de donn\u00e9es des journalistes de la presse \u00e9crite et m\u00e9dias audiovisuels (Hors Antenne)<\/li><li>Plannings r\u00e9dactionnels de la presse fran\u00e7aise et francophone europ\u00e9enne (Hors Antenne et Features Exec )<\/li><li>Diffusion sur un r\u00e9seau exclusif de portails d\u2019informations et sur les r\u00e9seaux sociaux (facebook, twitter, google+, Linkedin, etc\u2026).<\/li><\/ul><h2>Les relations presse, mode d'emploi<\/h2><h4>A quoi servent les relations presse ?<\/h4><ul><li>Communiquer une information (ex : Adoption de propositions)<\/li><li>V\u00e9hiculer une image (N\u00e9cessit\u00e9 d\u2019entretenir des relations presse)<\/li><li>Ma\u00eetriser l\u2019information (A qui \u2013 Comment \u2013 Pourquoi )<\/li><\/ul><h4>Comment se construisent les relations presse ?<\/h4><p>Sur du long terme : apprendre \u00e0 conna\u00eetre les journaux et les journalistes. Pour cela, l'attach\u00e9e de presse dispose de plusieurs leviers d'action :<\/p><ul><li>Un r\u00e9seau m\u00e9dia \u00e9toff\u00e9<\/li><li>Un fichier presse personnalis\u00e9<\/li><li>Des relations de confiance et de collaboration<\/li><\/ul><h4>Comment mener des relations presse ?<\/h4><p>A l'\u00e8re digitale et dans un contexte de difficult\u00e9 de la presse, le temps n'est plus \u00e0 la diffusion d'information de masse mais \u00e0 des approches tr\u00e8s qualitatives des contenus et des identifications plus cibl\u00e9es des interlocuteurs-influenceurs. Ces derniers sont \u00e0 la fois des journalistes, des blogueurs et les consommateurs finaux, le journaliste ayant lui m\u00eame plusieurs identit\u00e9s num\u00e9riques et utilisant les r\u00e9seaux sociaux pour propager ses articles ou pour informer \u00e0 chaud, mais aussi comme sources d'information.<\/p><p>Les outils les plus courants :<\/p><ul><li>Le Communiqu\u00e9 de presse<\/li><li>Le Dossier de presse<\/li><li>La conf\u00e9rence de presse<\/li><li>Le Publi-r\u00e9dactionnel<\/li><li>L'Interview<\/li><li>Les r\u00e9seaux sociaux : Facebook, Twitter, Google +, Pinterest, etc.<\/li><\/ul><h4>L\u2019importance des RP dans le cadre d\u2019une strat\u00e9gie digitale<\/h4><ul><li>Au-del\u00e0 des relations avec les journalistes et les blogueurs, les RP aujourd\u2019hui revendiquent un r\u00f4le dans l'animation de la communaut\u00e9 de leur client.<\/li><li>Blog, forum, mais aussi site Internet des m\u00e9dias traditionnels qui adoptent une ligne \u00e9ditoriale diff\u00e9rente de celle du papier \u2013 de nouveaux espaces de communication se sont ouverts permettant une communication plus large que la communication corporate.<\/li><\/ul>","_et_gb_content_width":"","footnotes":""},"class_list":["post-4225","page","type-page","status-publish","hentry"],"_links":{"self":[{"href":"https:\/\/www.suzanarp.fr\/en\/wp-json\/wp\/v2\/pages\/4225","targetHints":{"allow":["GET"]}}],"collection":[{"href":"https:\/\/www.suzanarp.fr\/en\/wp-json\/wp\/v2\/pages"}],"about":[{"href":"https:\/\/www.suzanarp.fr\/en\/wp-json\/wp\/v2\/types\/page"}],"author":[{"embeddable":true,"href":"https:\/\/www.suzanarp.fr\/en\/wp-json\/wp\/v2\/users\/1"}],"replies":[{"embeddable":true,"href":"https:\/\/www.suzanarp.fr\/en\/wp-json\/wp\/v2\/comments?post=4225"}],"version-history":[{"count":5,"href":"https:\/\/www.suzanarp.fr\/en\/wp-json\/wp\/v2\/pages\/4225\/revisions"}],"predecessor-version":[{"id":4431,"href":"https:\/\/www.suzanarp.fr\/en\/wp-json\/wp\/v2\/pages\/4225\/revisions\/4431"}],"wp:attachment":[{"href":"https:\/\/www.suzanarp.fr\/en\/wp-json\/wp\/v2\/media?parent=4225"}],"curies":[{"name":"wp","href":"https:\/\/api.w.org\/{rel}","templated":true}]}}