{"id":4244,"date":"2017-09-05T11:15:40","date_gmt":"2017-09-05T09:15:40","guid":{"rendered":"https:\/\/www.suzanarp.fr\/clients\/"},"modified":"2017-09-22T09:45:30","modified_gmt":"2017-09-22T07:45:30","slug":"clients","status":"publish","type":"page","link":"https:\/\/www.suzanarp.fr\/en\/clients\/","title":{"rendered":"clients"},"content":{"rendered":"<p>[et_pb_section bb_built=&#8221;1&#8243; fullwidth=&#8221;on&#8221; specialty=&#8221;off&#8221; transparent_background=&#8221;off&#8221; allow_player_pause=&#8221;off&#8221; inner_shadow=&#8221;off&#8221; parallax=&#8221;off&#8221; parallax_method=&#8221;on&#8221; custom_padding=&#8221;||0px|&#8221; make_fullwidth=&#8221;off&#8221; use_custom_width=&#8221;off&#8221; width_unit=&#8221;on&#8221; make_equal=&#8221;off&#8221; use_custom_gutter=&#8221;off&#8221;][et_pb_fullwidth_post_title title=&#8221;on&#8221; meta=&#8221;off&#8221; author=&#8221;on&#8221; date=&#8221;on&#8221; categories=&#8221;on&#8221; comments=&#8221;on&#8221; featured_image=&#8221;off&#8221; featured_placement=&#8221;background&#8221; parallax_effect=&#8221;on&#8221; parallax_method=&#8221;on&#8221; text_orientation=&#8221;left&#8221; text_color=&#8221;light&#8221; text_background=&#8221;off&#8221; text_bg_color=&#8221;rgba(255,255,255,0.9)&#8221; module_bg_color=&#8221;#e2007a&#8221; use_border_color=&#8221;off&#8221; border_color=&#8221;#ffffff&#8221; border_style=&#8221;solid&#8221; custom_margin=&#8221;0px|0px|0px|0px&#8221; title_font=&#8221;|||on|&#8221; custom_padding=&#8221;30px|0px|20px|0px&#8221; title_font_size=&#8221;40px&#8221; \/][\/et_pb_section][et_pb_section bb_built=&#8221;1&#8243; admin_label=&#8221;section&#8221; transparent_background=&#8221;off&#8221; allow_player_pause=&#8221;off&#8221; inner_shadow=&#8221;off&#8221; parallax=&#8221;off&#8221; parallax_method=&#8221;on&#8221; custom_padding=&#8221;0px|||&#8221; make_fullwidth=&#8221;off&#8221; use_custom_width=&#8221;off&#8221; width_unit=&#8221;on&#8221; make_equal=&#8221;off&#8221; use_custom_gutter=&#8221;off&#8221;][et_pb_row admin_label=&#8221;row&#8221; background_position=&#8221;top_left&#8221; background_repeat=&#8221;repeat&#8221; background_size=&#8221;initial&#8221;][et_pb_column type=&#8221;4_4&#8243;][et_pb_text background_layout=&#8221;light&#8221; text_orientation=&#8221;left&#8221; border_style=&#8221;solid&#8221; background_position=&#8221;top_left&#8221; background_repeat=&#8221;repeat&#8221; background_size=&#8221;initial&#8221; _builder_version=&#8221;3.0.71&#8243;]<\/p>\n<h2><strong>High Tech r<\/strong><strong>eferences<br \/>\n<\/strong><\/h2>\n<p><em><strong><span style=\"color: #8e044c;\">Mission: set up and manage an annual press relations strategy for professionals, prescribers and partners. Consulting in communication, writing business cases, articles, press releases, etc., organizing events, conferences.<\/span><\/strong><\/em><\/p>\n<ul>\n<li><strong>Alphalink \u2013 <\/strong>French Telecoms operator<\/li>\n<li><strong>Alten <\/strong>&#8211; leader in engineering and technology consulting<\/li>\n<li><strong>Besoin d\u2019aide<\/strong> (need help) &#8211; IT support by phone.<\/li>\n<li><strong>Conex<\/strong> &#8211; software for customs.<\/li>\n<li><strong>Extreme Networks<\/strong> &#8211; technology leader in high-performance Ethernet switching for cloud, data center and mobile networks.\u00a0 Based in Santa Clara, CA, Extreme Networks has more than 6,000 customers in more than 50 countries.<\/li>\n<li><strong>Genitech<\/strong> &#8211; e-Citiz is the flagship of the group Genitech (Genigraph, Genitech Tunisia). This is the result of over 15 years of development of web portals and complex projects, awarded many times, it is the subject of a patent INPI and has been awarded the OSEO Anvar Innovative.<\/li>\n<li><strong>Infoblox<\/strong> \u2013 delivers network control solutions, the fundamental technology that connects end users, devices, and networks.<\/li>\n<li><strong>Legal Suite<\/strong> &#8211; legal software.<\/li>\n<li><strong>Soft Solutions<\/strong> &#8211; software for retail<\/li>\n<li><strong>Sfeir<\/strong>&#8211; implements critical applications while respecting deadlines and costs constraints, thanks to their developers with recognized\/renowned expertise. 250 employees spread out over 3 sites.<\/li>\n<li><strong>Spirent <\/strong>&#8211; global leader in test and measurement, offers an extensive portfolio of solutions to test data centers, cloud computing and virtualized environments, high speed Ethernet networks and services, 3G\/4G wireless networks and devices, network and application security, and positioning technologies.<\/li>\n<li><strong>Streamakaci <\/strong>&#8211; provider of multimedia solutions (streaming, podcasting &#8230;).<\/li>\n<li><strong>TippingPoint<\/strong> &#8211; network security for physical, virtual and cloud networks<\/li>\n<li><strong>Ultimedia <\/strong>&#8211; company producing interactive terminals.<\/li>\n<li><strong>Welcome Real-Time<\/strong> &#8211; global provider of marketing and loyalty solutions for banks, retailers and other organizations of the payment ecosystem. Operating in more than 20 countries.<\/li>\n<\/ul>\n<p><span style=\"color: #8e044c;\"><strong><em>Mission: organization of a press conference in sophisticated Parisian hotel during the President visit to Paris :<\/em><\/strong><\/span><\/p>\n<ul>\n<li><strong>FTTH Council Europe<\/strong> &#8211; the Fiber-to-the-Home (FTTH) Council Europe is an industry organization whose mission is to accelerate the availability of fiber-based, ultra-high-speed access networks for the benefit of consumers and businesses.<\/li>\n<li><strong>ONF <\/strong>&#8211; Open Networking Foundation is a user-driven organization dedicated to the promotion and adoption of SDN (Software Defined Networking) through open standards development. More than 90 companies have already joined the ONF.<\/li>\n<li><strong>Wi-Fi Alliance<\/strong> &#8211; Wi-Fi Alliance<sup>\u00ae<\/sup>\u00a0is the worldwide network of companies that brings you Wi-Fi<sup>\u00ae<\/sup>. In 1999, several visionary companies came together to form a global non-profit association with the goal of driving the best user experience with a new wireless networking technology \u2013 regardless of brand.<\/li>\n<\/ul>\n<p><span style=\"color: #8e044c;\"><strong><em>Mission: communication on the show, before, during and after the event. Writing the press release announcement, organization of individual interviews, participation of the press in the various conferences, reporting:<\/em><\/strong><\/span><\/p>\n<ul>\n<li><strong>Geide Forum 2004 <\/strong>&#8211; event on the electronic management of the document.<\/li>\n<li><strong>Shows &#8211; <\/strong>Integration &#8211; XML Forum &amp; Web Services and Documation &#8211; Reed Exhibitions.<\/li>\n<li><strong>DISTREE#Connect <\/strong>&#8211; a show that brings together manufacturers in the fields of smartphone, smart home, connected objects, gaming and accessories. Infopro Digital Group.<\/li>\n<\/ul>\n<h2><strong>References\u00a0in others sectors<\/strong><\/h2>\n<h3><strong>Press relations year-round<\/strong><\/h3>\n<ul>\n<li><strong>Apef <\/strong>&#8211; personal services. APEF was created in 1992 in Montpellier. In 2006 the network was opened to the franchise by creating &#8220;Franchidom&#8221;. The network now has over 80 branches across the French territory and employs over 2,400 people.<\/li>\n<li><strong>Art Boulevard<\/strong> &#8211; display advertising in large format.<\/li>\n<li><strong>FranchiseCourtier.com <\/strong>\u00a0&#8211; multiactivity franchise with banking, insurance and real estate.<\/li>\n<li><strong>Jalmalv Federation <\/strong>&#8211; Until death accompany life.<\/li>\n<li><strong>Infogreffe<\/strong> &#8211; includes all offices of the commercial courts, nearly 2,000 employees. Since its inception in 1986, its role is to facilitate access to legal information and make it available to the state, enterprises and individuals, official information on all companies registered in the Register of Commerce and Companies .<\/li>\n<li><strong>Nielsen<\/strong> \u2013a leading global information and measurement company, provides market research, insights &amp; data about what people watch &amp; what people buy. Nielsen operates in around 100 countries worldwide, is headquartered in New York, USA and Diemen, the Netherlands.<\/li>\n<li><strong>Tripadvisor<\/strong> &#8211; community of world travelers.<\/li>\n<li><strong>Verre2vue &#8211; <\/strong>An optician at your office.<\/li>\n<\/ul>\n<h3><strong>Punctual press relations<\/strong><\/h3>\n<p><span style=\"color: #8e044c;\"><strong><em>Mission: launch of this museum to French prescribers, journalists in the tourism sector. Press conference. Dinner tasting.<\/em><\/strong><\/span><\/p>\n<ul>\n<li><strong>Fort Bard<\/strong> &#8211; Museum in Aosta Valley<\/li>\n<\/ul>\n<p><span style=\"color: #8e044c;\"><strong><em>Mission: press conference. Lunch-tasting, press relations and organization of a trip to Italy.<\/em><\/strong><\/span><\/p>\n<ul>\n<li><strong>San Daniele ham and Grana Padano cheese<\/strong> &#8211; Italian products. Launch of these products on the French market.<\/li>\n<\/ul>\n<p><span style=\"color: #8e044c;\"><strong><em>Mission: communication on the show, before, during and after the event. Writing the press release announcement, organization of individual interviews, participation of the press in the various conferences, reporting.<\/em><\/strong><\/span><\/p>\n<ul>\n<li><strong>ENT and Intensive care fairs<\/strong>&#8211; organized by Colloquium.<\/li>\n<\/ul>\n<p><span style=\"color: #8e044c;\"><strong><em>Mission: communication on the book through press releases and opinion forums, organization of interviews with journalists, monitoring of health topics.<\/em><\/strong><\/span><\/p>\n<ul>\n<li>Book \u201cCancer without taboo or trumpet\u201d &#8211; Val\u00e9rie Sugg &#8211; Ed Kawa<\/li>\n<li>Book \u201cHealth, a threatened treasure\u201d &#8211; Antoine Vial &#8211; Ed L&#8217;Atalante<\/li>\n<\/ul>\n<p>[\/et_pb_text][\/et_pb_column][\/et_pb_row][\/et_pb_section][et_pb_section bb_built=&#8221;1&#8243; background_image=&#8221;https:\/\/www.suzanarp.fr\/wp-content\/uploads\/2017\/03\/typewriter2.jpg&#8221; custom_css_main_element=&#8221;padding:1% 0;&#8221; _builder_version=&#8221;3.0.71&#8243;][et_pb_row make_fullwidth=&#8221;off&#8221; use_custom_width=&#8221;off&#8221; width_unit=&#8221;on&#8221; use_custom_gutter=&#8221;off&#8221; allow_player_pause=&#8221;off&#8221; parallax=&#8221;off&#8221; parallax_method=&#8221;on&#8221; make_equal=&#8221;off&#8221; parallax_1=&#8221;off&#8221; parallax_method_1=&#8221;off&#8221; module_id=&#8221;contactform&#8221; background_position=&#8221;top_left&#8221; background_repeat=&#8221;repeat&#8221; background_size=&#8221;initial&#8221;][et_pb_column type=&#8221;4_4&#8243;][et_pb_text text_orientation=&#8221;center&#8221; header_font_size=&#8221;50px&#8221; background_layout=&#8221;light&#8221; use_border_color=&#8221;off&#8221; border_color=&#8221;#ffffff&#8221; border_style=&#8221;solid&#8221; background_position=&#8221;top_left&#8221; background_repeat=&#8221;repeat&#8221; background_size=&#8221;initial&#8221; _builder_version=&#8221;3.0.71&#8243;]<\/p>\n<h1 style=\"text-transform: uppercase;\">Contact<\/h1>\n<p>&nbsp;<\/p>\n<p>[\/et_pb_text][\/et_pb_column][\/et_pb_row][et_pb_row][et_pb_column type=&#8221;1_2&#8243;][et_pb_text background_layout=&#8221;light&#8221; text_orientation=&#8221;left&#8221; border_style=&#8221;solid&#8221; background_position=&#8221;top_left&#8221; background_repeat=&#8221;repeat&#8221; background_size=&#8221;initial&#8221; _builder_version=&#8221;3.0.71&#8243;]<\/p>\n<h3><img loading=\"lazy\" decoding=\"async\" class=\"wp-image-167 size-full\" src=\"https:\/\/www.suzanarp.fr\/wp-content\/uploads\/2017\/03\/Logo-Suzana-2-e1493374705180.png\" alt=\"\" width=\"200\" height=\"57\" \/><\/h3>\n<h3><img loading=\"lazy\" decoding=\"async\" class=\"alignleft wp-image-282 size-full\" src=\"https:\/\/www.suzanarp.fr\/wp-content\/uploads\/2017\/03\/tel.png\" alt=\"\" width=\"40\" height=\"40\" \/><\/h3>\n<h3>01 30 56 63 82<\/h3>\n<h3><img loading=\"lazy\" decoding=\"async\" class=\"alignleft wp-image-281 size-full\" src=\"https:\/\/www.suzanarp.fr\/wp-content\/uploads\/2017\/03\/mobile.png\" alt=\"\" width=\"40\" height=\"40\" \/><\/h3>\n<h3>06 61 95 34 89<\/h3>\n<h3><img loading=\"lazy\" decoding=\"async\" class=\"alignleft wp-image-289 size-full\" src=\"https:\/\/www.suzanarp.fr\/wp-content\/uploads\/2017\/04\/mail.png\" alt=\"\" width=\"40\" height=\"40\" \/><\/h3>\n<h3><a href=\"mailto:contact@suzanarp.fr\">contact@suzanarp.fr<\/a><\/h3>\n<h3><img loading=\"lazy\" decoding=\"async\" class=\"alignleft wp-image-290 size-full\" src=\"https:\/\/www.suzanarp.fr\/wp-content\/uploads\/2017\/04\/compass.png\" alt=\"\" width=\"40\" height=\"40\" \/><\/h3>\n<h3>PARIS | 78860 Saint-Nom-la-Bret\u00e8che<\/h3>\n<p>[\/et_pb_text][\/et_pb_column][et_pb_column type=&#8221;1_2&#8243;][et_pb_contact_form email=&#8221;contact@suzanarp.fr&#8221; module_id=&#8221;et_pb_contact_form_0&#8243; captcha=&#8221;on&#8221; use_redirect=&#8221;off&#8221; input_border_radius=&#8221;0&#8243; use_border_color=&#8221;off&#8221; border_color=&#8221;#ffffff&#8221; border_style=&#8221;solid&#8221; custom_button=&#8221;off&#8221; button_letter_spacing=&#8221;0&#8243; button_use_icon=&#8221;default&#8221; button_icon_placement=&#8221;right&#8221; button_on_hover=&#8221;on&#8221; button_letter_spacing_hover=&#8221;0&#8243;] [et_pb_contact_field field_id=&#8221;Name&#8221; field_title=&#8221;Name&#8221; field_type=&#8221;input&#8221; required_mark=&#8221;on&#8221; field_background_color=&#8221;rgba(255,255,255,0.8)&#8221; fullwidth_field=&#8221;off&#8221; form_field_font_select=&#8221;default&#8221; form_field_font=&#8221;||||&#8221; use_border_color=&#8221;off&#8221; border_style=&#8221;solid&#8221; \/][et_pb_contact_field field_id=&#8221;Email&#8221; field_title=&#8221;Email&#8221; field_type=&#8221;email&#8221; required_mark=&#8221;on&#8221; field_background_color=&#8221;rgba(255,255,255,0.8)&#8221; fullwidth_field=&#8221;off&#8221; form_field_font_select=&#8221;default&#8221; form_field_font=&#8221;||||&#8221; use_border_color=&#8221;off&#8221; border_style=&#8221;solid&#8221; \/][et_pb_contact_field field_id=&#8221;Message&#8221; field_title=&#8221;Message&#8221; field_type=&#8221;text&#8221; fullwidth_field=&#8221;on&#8221; required_mark=&#8221;on&#8221; field_background_color=&#8221;rgba(255,255,255,0.8)&#8221; form_field_font_select=&#8221;default&#8221; form_field_font=&#8221;||||&#8221; use_border_color=&#8221;off&#8221; border_style=&#8221;solid&#8221; \/] [\/et_pb_contact_form][\/et_pb_column][\/et_pb_row][\/et_pb_section][et_pb_section bb_built=&#8221;1&#8243; fullwidth=&#8221;off&#8221; specialty=&#8221;off&#8221; transparent_background=&#8221;off&#8221; background_color=&#8221;#e2007a&#8221; allow_player_pause=&#8221;off&#8221; inner_shadow=&#8221;off&#8221; parallax=&#8221;off&#8221; parallax_method=&#8221;on&#8221; make_fullwidth=&#8221;off&#8221; use_custom_width=&#8221;off&#8221; width_unit=&#8221;on&#8221; make_equal=&#8221;off&#8221; use_custom_gutter=&#8221;off&#8221; custom_padding=&#8221;0px||0px|&#8221;][et_pb_row background_position=&#8221;top_left&#8221; background_repeat=&#8221;repeat&#8221; background_size=&#8221;initial&#8221;][et_pb_column type=&#8221;1_3&#8243;][et_pb_text background_layout=&#8221;dark&#8221; text_orientation=&#8221;left&#8221; use_border_color=&#8221;off&#8221; border_color=&#8221;#ffffff&#8221; border_style=&#8221;solid&#8221; text_text_color=&#8221;#ffffff&#8221; background_position=&#8221;top_left&#8221; background_repeat=&#8221;repeat&#8221; background_size=&#8221;initial&#8221;]<\/p>\n<p>Suzana Biseul is an active member of:<br \/>\n<span style=\"color: #ffffff;\"><a style=\"color: #ffffff;\" href=\"http:\/\/www.prformance.com\/\" target=\"_blank\" rel=\"noopener noreferrer\">PRformance <\/a>et <a style=\"color: #ffffff;\" href=\"https:\/\/electronsassocies.wordpress.com\/\" target=\"_blank\" rel=\"noopener noreferrer\">Les \u00e9lectrons associ\u00e9s<\/a><\/span><\/p>\n<p>[\/et_pb_text][\/et_pb_column][et_pb_column type=&#8221;1_3&#8243;][\/et_pb_column][et_pb_column type=&#8221;1_3&#8243;][et_pb_text background_layout=&#8221;light&#8221; text_orientation=&#8221;left&#8221; use_border_color=&#8221;off&#8221; border_color=&#8221;#ffffff&#8221; border_style=&#8221;solid&#8221; text_text_color=&#8221;#ffffff&#8221; background_position=&#8221;top_left&#8221; background_repeat=&#8221;repeat&#8221; background_size=&#8221;initial&#8221;] <span style=\"color: #ffffff;\"><a style=\"color: #ffffff;\" href=\"https:\/\/www.facebook.com\/suzana.biseul\" target=\"_blank\" rel=\"noopener noreferrer\">Facebook<\/a> | <a style=\"color: #ffffff;\" href=\"https:\/\/twitter.com\/suzanaBi\" target=\"_blank\" rel=\"noopener noreferrer\">Twitter<\/a> | <a style=\"color: #ffffff;\" href=\"https:\/\/www.linkedin.com\/pub\/suzana-biseul\/1\/47b\/b62\" target=\"_blank\" rel=\"noopener noreferrer\">LinkedIn<\/a> | <a style=\"color: #ffffff;\" href=\"https:\/\/plus.google.com\/101573938320119686438\" target=\"_blank\" rel=\"noopener noreferrer\">Google +<\/a> | <a style=\"color: #ffffff;\" href=\"http:\/\/www.viadeo.com\/fr\/profile\/suzana.biseul\" target=\"_blank\" rel=\"noopener noreferrer\">Viadeo<\/a> | <a style=\"color: #ffffff;\" href=\"http:\/\/www.pinterest.com\/suzanabiseul\/\" target=\"_blank\" rel=\"noopener noreferrer\">Pinterest<\/a> | <a style=\"color: #ffffff;\" href=\"http:\/\/www.scoop.it\/u\/suzana-biseul-pro\" target=\"_blank\" rel=\"noopener noreferrer\">Scoop IT<\/a><\/span> [\/et_pb_text][\/et_pb_column][\/et_pb_row][\/et_pb_section]<\/p>\n","protected":false},"excerpt":{"rendered":"<p>High Tech references Mission: set up and manage an annual press relations strategy for professionals, prescribers and partners. Consulting in communication, writing business cases, articles, press releases, etc., organizing events, conferences. Alphalink \u2013 French Telecoms operator Alten &#8211; leader in engineering and technology consulting Besoin d\u2019aide (need help) &#8211; IT support by phone. Conex &#8211; [&hellip;]<\/p>\n","protected":false},"author":1,"featured_media":0,"parent":0,"menu_order":0,"comment_status":"closed","ping_status":"closed","template":"","meta":{"_et_pb_use_builder":"on","_et_pb_old_content":"<p><strong>\u00c9dition de logiciels<\/strong> : L\u00e9gal Suite, Conex, Soft Solutions, Systran, Qualiac, XRT<\/p><p><strong>R\u00e9seaux et t\u00e9l\u00e9coms<\/strong> : Internet.fr, Internext, Backup Avenue, Spirent, Infoblox, TippingPoint, Extreme Networks<\/p><p><strong>Finances<\/strong> : Europeoffering.com, Novacy, Welcome Real-time<\/p><p><strong>Conseil & services aux entreprises<\/strong> : Steria, Sfeir, Parsys, S\u00e9curinfor , Genitech (SSII)<\/p><p><strong>Associations professionnelles<\/strong> : FTTH Council Europe, Wi-Fi Alliance, ONF (Open Networking Foundation)<\/p><p><strong>Tourisme<\/strong> : Tripadvisor,\u00a0 Launch of\"Fort de Bard\" (Alpes-Vall\u00e9e d'Aoste) en France<\/p><p><strong>Salons<\/strong> : Forum XML & Web Services et Documation (Reed Exhibitions), Le Forum de la Geide 2004, Salon de la R\u00e9animation 2008, 2009, Salon ORL 2007, 2008, 2009 (Colloquium) \u2013<\/p><p><strong>Sant\u00e9<\/strong> : France 2 (Show t\u00e9l\u00e9vis\u00e9 sur le th\u00e8me du BONHEUR), JALMALV (Jusqu\u2019\u00e0 la mort accompagner la vie), Verre2vue (un opticien \u00e0 votre bureau), etc\u2026<\/p><p><strong>Grand public<\/strong> : APEF (Services \u00e0 la personne), Ecole Estienne d\u2019Arts Graphiques et de l\u2019industrie du livre, Dance2date (rencontres par la danse), Frenchcard (pr\u00e9servatifs personnalis\u00e9s), Art Boulevard (affichage grand format), Concours Magazine, Pascal Milon (Mariages), Tripadvisor, etc\u2026<\/p><h4>R\u00e9f\u00e9rences High-Tech<\/h4><p><strong>Besoin d'aide<\/strong> - assistance informatique par t\u00e9l\u00e9phone.<\/p><p><strong>Conex<\/strong> - logiciels pour la douane. <em>Mission: mise en place et gestion d\u2019une strat\u00e9gie de Relations Presse annuelle \u00e0 destination des professionnels, prescripteurs, et partenaires.<\/em><\/p><p><strong>Extreme Networks<\/strong> - leader technologique dans le domaine de la commutation Ethernet pour le cloud, les centres de donn\u00e9es et les r\u00e9seaux mobiles. Bas\u00e9e \u00e0 Santa Clara, en Californie, Extreme Networks sert plus de 6 000 clients dans 50 pays.<\/p><p><strong>FTTH Council Europe<\/strong> - le Fiber-to-the-Home (FTTH) Council Europe est un organisme de d\u00e9veloppement du march\u00e9 de la fibre optique. <em>Mission: organisation d\u2019une conf\u00e9rence de presse dans un grand h\u00f4tel Parisien lors du passage \u00e0 Paris du Pr\u00e9sident de cette Association.<\/em><\/p><p><strong>Genitech<\/strong> - e-Citiz est le produit phare du groupe Genitech (Genigraph, Genitech Tunisie).\u00a0 C\u2019est le fruit de plus de 15 ans de d\u00e9veloppements de projets Complexes et de portails Web, prim\u00e9 \u00e0 de nombreuses reprises, il fait l\u2019objet d\u2019un Brevet INPI\u00a0 et il a obtenu le Label Innovant de L\u2019OSEO ANVAR.<\/p><p><strong>Infoblox<\/strong> - leader dans l'automatisation des fonctions critiques du r\u00e9seau avec une offre couvrant les services IP (DNS\/DHCP, Gestion de l'adressage IP) la gestion des configurations et changements sur les \u00e9quipements r\u00e9seaux.<\/p><p><strong>Le Forum de la Geide 2004<\/strong> \u2013 manifestation sur la gestion \u00e9lectronique du document.<\/p><p><strong>L\u00e9gal Suite<\/strong> - logiciels juridiques. <em>Mission: gestion de Relations Presse Produits et institutionnels annuels, conseil en communication, conf\u00e9rences de presse.<\/em><\/p><p><strong>ONF<\/strong> - l'Open Networking Foundation accro\u00eet rapidement parce que le SDN occupe une place centrale en tant que nouvelle norme pour les r\u00e9seaux. Plus de 90 entreprises ont d\u00e9j\u00e0 rejoint l'ONF.<\/p><p><strong>Salons Int\u00e9gration<\/strong> - Forum XML & Web Services et Documation - Reed Exhibitions. <em>Mission : communication sur le salon, avant, pendant et apr\u00e8s la manifestation. Ecriture du communiqu\u00e9 de presse d\u2019annonce, organisation des entretiens individuels, participation de la presse aux diverses conf\u00e9rences, bilan.<\/em><\/p><p><strong>Soft Solutions<\/strong> - logiciels pour les m\u00e9tiers de la grande distribution. <em>Missions: mise en place d\u2019un programme de Relations Presse Produits et institutionnels, conseil en communication, \u00e9criture des t\u00e9moignages clients.<\/em><\/p><p><strong>Sfeir<\/strong> \u2013 SSII sp\u00e9cialis\u00e9e dans les services informatiques de pointe. 3 domaines de comp\u00e9tence : - Conseil et audit des SI; - D\u00e9veloppement et int\u00e9gration de solutions dans les technologies objet ; - Business Intelligence et CRM. <em>Mission: conseil en communication, relations presse, r\u00e9daction d'outils de communication (\u00ab business case \u00bb, interviews,...), \u00e9v\u00e9nements, conf\u00e9rences.<\/em><\/p><p><strong>Spirent<\/strong> - leader mondial dans le domaine des tests et mesures, offre un portfolio complet de solutions pour tester les centres de donn\u00e9es, les r\u00e9seaux et services Ethernet \u00e0 haut d\u00e9bit, les r\u00e9seaux sans fils et appareils mobiles 3G\/4G, la s\u00e9curit\u00e9 r\u00e9seau et les syst\u00e8mes de navigation par satellite.<\/p><p><strong>Streamakaci<\/strong> - fournisseur de solutions multim\u00e9dias (streaming, podcasting\u2026).<\/p><p><strong>TippingPoint<\/strong> - logiciels dans la s\u00e9curit\u00e9 informatique. <em>Mission: mise en place d\u2019un programme de Relations Presse Produits et institutionnels, conseil en communication, traduction des communiqu\u00e9s, \u00e9criture des t\u00e9moignages clients.<\/em><\/p><p><strong>Ultim\u00e9dia<\/strong> - soci\u00e9t\u00e9 productrice des bornes interactives.<\/p><p><strong>Welcome Real-Time<\/strong>- solutions de fid\u00e9lisation innovantes. Sa client\u00e8le compte plusieurs banques, d\u00e9taillants et autres entreprises internationales figurant au classement Fortune 500. Pr\u00e9sente dans plus de 30 pays.<\/p><p><strong>WI-FI Alliance<\/strong> - r\u00e9seaux locaux sans fil<\/p><h4>R\u00e9f\u00e9rences\u00a0 dans d\u2019autres secteurs d'activit\u00e9<\/h4><p><strong>Apef<\/strong> - services \u00e0 la personne. L'APEF a \u00e9t\u00e9 cr\u00e9e en 1992 \u00e0 Montpellier. En 2006 son r\u00e9seau\u00a0 a \u00e9t\u00e9 ouvert \u00e0 la franchise en cr\u00e9ant \"Franchidom\". Le r\u00e9seau poss\u00e8de aujourd'hui plus 80 agences sur l'ensemble du territoire fran\u00e7ais et emploie plus de 2.400 personnes.<\/p><p><strong>Art Boulevard<\/strong> - affichage publicitaire en grand format.<\/p><p><strong>F\u00e9d\u00e9ration JALMALV<\/strong> - Jusqu\u2019\u00e0 la mort accompagner la vie.<\/p><p><strong>Infogreffe<\/strong> - Le G.I.E. Infogreffe regroupe l\u2019ensemble des\u00a0 greffes des Tribunaux de commerce, soit pr\u00e8s de 2 000 collaborateurs. Depuis sa cr\u00e9ation, en 1986, son r\u00f4le est de favoriser l\u2019acc\u00e8s aux informations l\u00e9gales et de mettre \u00e0 disposition de l\u2019\u00c9tat, des entreprises et des particuliers, l\u2019information officielle sur toutes les entreprises inscrites au Registre du Commerce et des Soci\u00e9t\u00e9s.<\/p><p><strong>Le Fort de Bard<\/strong> \u2013 Mus\u00e9e en Vall\u00e9e d\u2019Aoste. <em>Mission : lancement de ce mus\u00e9e vers les prescripteurs fran\u00e7ais, les journalistes dans le secteur du tourisme. Conf\u00e9rence de presse. D\u00eener\u2013d\u00e9gustation.<\/em><\/p><p><strong>Le jambon San Daniele et le fromage Grana Padano<\/strong> - produits italiens. Lancement de ces produits sur le march\u00e9 fran\u00e7ais. <em>Mission : conf\u00e9rence de presse. D\u00e9jeuner \u2013 d\u00e9gustation, relations presse et organisation d\u2019un voyage en Italie.<\/em><\/p><p><strong>Nielsen<\/strong> - soci\u00e9t\u00e9 mondiale d'information et d\u2019insights, leader en informations marketing et consommateur, audience TV et autres m\u00e9dia, intelligence online, audience t\u00e9l\u00e9phonie mobile, salons commerciaux et activit\u00e9s annexes. Nielsen est pr\u00e9sent dans environ 100 pays \u00e0 travers le monde, son si\u00e8ge est situ\u00e9 \u00e0 New-York, \u00c9tats-Unis, et <strong>Diemen, Pays-Bas.<\/strong><\/p><p><strong>Salon ORL et Salon de la R\u00e9animation<\/strong> - organis\u00e9s par Colloquium.<\/p><p><strong>Tripadvisor<\/strong> - communaut\u00e9 de voyageurs du monde.<\/p>","_et_gb_content_width":"","footnotes":""},"class_list":["post-4244","page","type-page","status-publish","hentry"],"_links":{"self":[{"href":"https:\/\/www.suzanarp.fr\/en\/wp-json\/wp\/v2\/pages\/4244","targetHints":{"allow":["GET"]}}],"collection":[{"href":"https:\/\/www.suzanarp.fr\/en\/wp-json\/wp\/v2\/pages"}],"about":[{"href":"https:\/\/www.suzanarp.fr\/en\/wp-json\/wp\/v2\/types\/page"}],"author":[{"embeddable":true,"href":"https:\/\/www.suzanarp.fr\/en\/wp-json\/wp\/v2\/users\/1"}],"replies":[{"embeddable":true,"href":"https:\/\/www.suzanarp.fr\/en\/wp-json\/wp\/v2\/comments?post=4244"}],"version-history":[{"count":5,"href":"https:\/\/www.suzanarp.fr\/en\/wp-json\/wp\/v2\/pages\/4244\/revisions"}],"predecessor-version":[{"id":4443,"href":"https:\/\/www.suzanarp.fr\/en\/wp-json\/wp\/v2\/pages\/4244\/revisions\/4443"}],"wp:attachment":[{"href":"https:\/\/www.suzanarp.fr\/en\/wp-json\/wp\/v2\/media?parent=4244"}],"curies":[{"name":"wp","href":"https:\/\/api.w.org\/{rel}","templated":true}]}}