{"id":4363,"date":"2017-09-11T10:38:33","date_gmt":"2017-09-11T08:38:33","guid":{"rendered":"https:\/\/www.suzanarp.fr\/?page_id=4363"},"modified":"2017-09-11T11:59:23","modified_gmt":"2017-09-11T09:59:23","slug":"blog-en","status":"publish","type":"page","link":"https:\/\/www.suzanarp.fr\/en\/blog-en\/","title":{"rendered":"blog english"},"content":{"rendered":"<p>[et_pb_section bb_built=&#8221;1&#8243; fullwidth=&#8221;on&#8221; specialty=&#8221;off&#8221;][et_pb_fullwidth_post_title _builder_version=&#8221;3.0.71&#8243; title=&#8221;on&#8221; meta=&#8221;off&#8221; author=&#8221;on&#8221; date=&#8221;on&#8221; categories=&#8221;on&#8221; comments=&#8221;on&#8221; featured_image=&#8221;off&#8221; featured_placement=&#8221;below&#8221; module_bg_color=&#8221;#e2007a&#8221; parallax_effect=&#8221;on&#8221; parallax_method=&#8221;on&#8221; text_orientation=&#8221;left&#8221; text_color=&#8221;light&#8221; text_background=&#8221;off&#8221; title_font_size=&#8221;40px&#8221; border_style=&#8221;solid&#8221; custom_margin=&#8221;0px|0px|0px|0px&#8221; custom_padding=&#8221;30px|0px|20px|0px&#8221; \/][\/et_pb_section][et_pb_section bb_built=&#8221;1&#8243; fullwidth=&#8221;off&#8221; specialty=&#8221;off&#8221;][et_pb_row][et_pb_column type=&#8221;2_3&#8243;][et_pb_post_custom _builder_version=&#8221;3.0.71&#8243; show_content=&#8221;off&#8221; offset_number=&#8221;0&#8243; show_thumbnail=&#8221;on&#8221; show_more=&#8221;off&#8221; show_author=&#8221;on&#8221; show_date=&#8221;on&#8221; show_categories=&#8221;on&#8221; show_comments=&#8221;on&#8221; show_pagination=&#8221;on&#8221; fullwidth=&#8221;on&#8221; use_dropshadow=&#8221;off&#8221; use_overlay=&#8221;off&#8221; background_layout=&#8221;light&#8221; header_font_size_tablet=&#8221;51&#8243; header_line_height_tablet=&#8221;2&#8243; body_font_size_tablet=&#8221;51&#8243; body_line_height_tablet=&#8221;2&#8243; meta_font_size_tablet=&#8221;51&#8243; meta_line_height_tablet=&#8221;2&#8243; category_tag_font_size_tablet=&#8221;51&#8243; category_tag_line_height_tablet=&#8221;2&#8243; border_style=&#8221;solid&#8221; \/][\/et_pb_column][et_pb_column type=&#8221;1_3&#8243;][et_pb_sidebar _builder_version=&#8221;3.0.71&#8243; area=&#8221;sidebar-1&#8243; orientation=&#8221;left&#8221; background_layout=&#8221;light&#8221; \/][\/et_pb_column][\/et_pb_row][\/et_pb_section][et_pb_section bb_built=&#8221;1&#8243; background_image=&#8221;https:\/\/www.suzanarp.fr\/wp-content\/uploads\/2017\/03\/typewriter2.jpg&#8221; transparent_background=&#8221;off&#8221; allow_player_pause=&#8221;off&#8221; inner_shadow=&#8221;off&#8221; parallax=&#8221;off&#8221; parallax_method=&#8221;on&#8221; make_fullwidth=&#8221;off&#8221; use_custom_width=&#8221;off&#8221; width_unit=&#8221;on&#8221; make_equal=&#8221;off&#8221; use_custom_gutter=&#8221;off&#8221; custom_css_main_element=&#8221;padding:1% 0;&#8221;][et_pb_row parallax_method_1=&#8221;off&#8221; module_id=&#8221;contactform&#8221; _builder_version=&#8221;3.0.63&#8243; background_position_1=&#8221;top_left&#8221; background_repeat_1=&#8221;no-repeat&#8221;][et_pb_column type=&#8221;4_4&#8243;][et_pb_text text_orientation=&#8221;center&#8221; header_font_size=&#8221;50px&#8221; background_layout=&#8221;light&#8221; use_border_color=&#8221;off&#8221; border_color=&#8221;#ffffff&#8221; border_style=&#8221;solid&#8221; _builder_version=&#8221;3.0.63&#8243;]<\/p>\n<h1 style=\"text-transform: uppercase;\">Contact<\/h1>\n<p>[\/et_pb_text][\/et_pb_column][\/et_pb_row][et_pb_row][et_pb_column type=&#8221;1_2&#8243;][et_pb_text background_layout=&#8221;light&#8221; text_orientation=&#8221;left&#8221; use_border_color=&#8221;off&#8221; border_color=&#8221;#ffffff&#8221; border_style=&#8221;solid&#8221; background_position=&#8221;top_left&#8221; background_repeat=&#8221;repeat&#8221; background_size=&#8221;initial&#8221;]<\/p>\n<h3><img loading=\"lazy\" decoding=\"async\" class=\"wp-image-167 size-full\" src=\"https:\/\/www.suzanarp.fr\/wp-content\/uploads\/2017\/03\/Logo-Suzana-2-e1493374705180.png\" alt=\"\" width=\"200\" height=\"57\" \/><\/h3>\n<h3><img loading=\"lazy\" decoding=\"async\" class=\"alignleft wp-image-282 size-full\" src=\"https:\/\/www.suzanarp.fr\/wp-content\/uploads\/2017\/03\/tel.png\" alt=\"\" width=\"40\" height=\"40\" \/><\/h3>\n<h3>01 30 56 63 82<\/h3>\n<h3><img loading=\"lazy\" decoding=\"async\" class=\"alignleft wp-image-281 size-full\" src=\"https:\/\/www.suzanarp.fr\/wp-content\/uploads\/2017\/03\/mobile.png\" alt=\"\" width=\"40\" height=\"40\" \/><\/h3>\n<h3>06 61 95 34 89<\/h3>\n<h3><img loading=\"lazy\" decoding=\"async\" class=\"alignleft wp-image-289 size-full\" src=\"https:\/\/www.suzanarp.fr\/wp-content\/uploads\/2017\/04\/mail.png\" alt=\"\" width=\"40\" height=\"40\" \/><\/h3>\n<h3><a href=\"mailto:contact@suzanarp.fr\">contact@suzanarp.fr<\/a><\/h3>\n<h3><img loading=\"lazy\" decoding=\"async\" class=\"alignleft wp-image-290 size-full\" src=\"https:\/\/www.suzanarp.fr\/wp-content\/uploads\/2017\/04\/compass.png\" alt=\"\" width=\"40\" height=\"40\" \/><\/h3>\n<h3>PARIS | 78860 Saint-Nom-la-Bret\u00e8che<\/h3>\n<p>[\/et_pb_text][\/et_pb_column][et_pb_column type=&#8221;1_2&#8243;][et_pb_contact_form email=&#8221;contact@suzanarp.fr&#8221; module_id=&#8221;et_pb_contact_form_0&#8243; captcha=&#8221;on&#8221; use_redirect=&#8221;off&#8221; input_border_radius=&#8221;0&#8243; use_border_color=&#8221;off&#8221; border_color=&#8221;#ffffff&#8221; border_style=&#8221;solid&#8221; custom_button=&#8221;off&#8221; button_letter_spacing=&#8221;0&#8243; button_use_icon=&#8221;default&#8221; button_icon_placement=&#8221;right&#8221; button_on_hover=&#8221;on&#8221; button_letter_spacing_hover=&#8221;0&#8243;] [et_pb_contact_field field_id=&#8221;Name&#8221; field_title=&#8221;Nom&#8221; field_type=&#8221;input&#8221; required_mark=&#8221;on&#8221; field_background_color=&#8221;rgba(255,255,255,0.8)&#8221; fullwidth_field=&#8221;off&#8221; form_field_font_select=&#8221;default&#8221; form_field_font=&#8221;||||&#8221; use_border_color=&#8221;off&#8221; border_style=&#8221;solid&#8221; \/][et_pb_contact_field field_id=&#8221;Email&#8221; field_title=&#8221;Adresse e-mail&#8221; field_type=&#8221;email&#8221; required_mark=&#8221;on&#8221; field_background_color=&#8221;rgba(255,255,255,0.8)&#8221; fullwidth_field=&#8221;off&#8221; form_field_font_select=&#8221;default&#8221; form_field_font=&#8221;||||&#8221; use_border_color=&#8221;off&#8221; border_style=&#8221;solid&#8221; \/][et_pb_contact_field field_id=&#8221;Message&#8221; field_title=&#8221;Message&#8221; field_type=&#8221;text&#8221; fullwidth_field=&#8221;on&#8221; required_mark=&#8221;on&#8221; field_background_color=&#8221;rgba(255,255,255,0.8)&#8221; form_field_font_select=&#8221;default&#8221; form_field_font=&#8221;||||&#8221; use_border_color=&#8221;off&#8221; border_style=&#8221;solid&#8221; \/] [\/et_pb_contact_form][\/et_pb_column][\/et_pb_row][\/et_pb_section][et_pb_section bb_built=&#8221;1&#8243; fullwidth=&#8221;off&#8221; specialty=&#8221;off&#8221; transparent_background=&#8221;off&#8221; background_color=&#8221;#e2007a&#8221; allow_player_pause=&#8221;off&#8221; inner_shadow=&#8221;off&#8221; parallax=&#8221;off&#8221; parallax_method=&#8221;on&#8221; make_fullwidth=&#8221;off&#8221; use_custom_width=&#8221;off&#8221; width_unit=&#8221;on&#8221; make_equal=&#8221;off&#8221; use_custom_gutter=&#8221;off&#8221; custom_padding=&#8221;0px||0px|&#8221;][et_pb_row background_position=&#8221;top_left&#8221; background_repeat=&#8221;repeat&#8221; background_size=&#8221;initial&#8221; _builder_version=&#8221;3.0.63&#8243; background_position_1=&#8221;top_left&#8221; background_repeat_1=&#8221;no-repeat&#8221; background_position_2=&#8221;top_left&#8221; background_repeat_2=&#8221;no-repeat&#8221; background_position_3=&#8221;top_left&#8221; background_repeat_3=&#8221;no-repeat&#8221;][et_pb_column type=&#8221;1_3&#8243;][et_pb_text background_layout=&#8221;dark&#8221; text_orientation=&#8221;left&#8221; border_style=&#8221;solid&#8221; text_text_color=&#8221;#ffffff&#8221; background_position=&#8221;top_left&#8221; background_repeat=&#8221;repeat&#8221; background_size=&#8221;initial&#8221; _builder_version=&#8221;3.0.71&#8243;]<\/p>\n<p>Suzana Biseul is an active member of:<br \/>\n<span style=\"color: #ffffff;\"><a style=\"color: #ffffff;\" href=\"http:\/\/www.prformance.com\/\" target=\"_blank\" rel=\"noopener noreferrer\">PRformance <\/a>et <a style=\"color: #ffffff;\" href=\"https:\/\/electronsassocies.wordpress.com\/\" target=\"_blank\" rel=\"noopener noreferrer\">Les \u00e9lectrons associ\u00e9s<\/a><\/span><\/p>\n<p>[\/et_pb_text][\/et_pb_column][et_pb_column type=&#8221;1_3&#8243;][\/et_pb_column][et_pb_column type=&#8221;1_3&#8243;][et_pb_text background_layout=&#8221;light&#8221; text_orientation=&#8221;left&#8221; use_border_color=&#8221;off&#8221; border_color=&#8221;#ffffff&#8221; border_style=&#8221;solid&#8221; text_text_color=&#8221;#ffffff&#8221; background_position=&#8221;top_left&#8221; background_repeat=&#8221;repeat&#8221; background_size=&#8221;initial&#8221;]<\/p>\n<p><span style=\"color: #ffffff;\"><a style=\"color: #ffffff;\" href=\"https:\/\/www.facebook.com\/suzana.biseul\" target=\"_blank\" rel=\"noopener noreferrer\">Facebook<\/a> | <a style=\"color: #ffffff;\" href=\"https:\/\/twitter.com\/suzanaBi\" target=\"_blank\" rel=\"noopener noreferrer\">Twitter<\/a> | <a style=\"color: #ffffff;\" href=\"https:\/\/www.linkedin.com\/pub\/suzana-biseul\/1\/47b\/b62\" target=\"_blank\" rel=\"noopener noreferrer\">LinkedIn<\/a> | <a style=\"color: #ffffff;\" href=\"https:\/\/plus.google.com\/101573938320119686438\" target=\"_blank\" rel=\"noopener noreferrer\">Google +<\/a> | <a style=\"color: #ffffff;\" href=\"http:\/\/www.viadeo.com\/fr\/profile\/suzana.biseul\" target=\"_blank\" rel=\"noopener noreferrer\">Viadeo<\/a> | <a style=\"color: #ffffff;\" href=\"http:\/\/www.pinterest.com\/suzanabiseul\/\" target=\"_blank\" rel=\"noopener noreferrer\">Pinterest<\/a> | <a style=\"color: #ffffff;\" href=\"http:\/\/www.scoop.it\/u\/suzana-biseul-pro\" target=\"_blank\" rel=\"noopener noreferrer\">Scoop IT<\/a><\/span><\/p>\n<p>[\/et_pb_text][\/et_pb_column][\/et_pb_row][\/et_pb_section]<\/p>\n","protected":false},"excerpt":{"rendered":"<p><div class=\"et_pb_row et_pb_row_0 et_pb_row_empty\">\n\t\t\t\t\n\t\t\t\t\n\t\t\t\t\n\t\t\t\t\n\t\t\t\t\n\t\t\t<\/div> Contact <div class=\"et_pb_row et_pb_row_1 et_pb_row_empty\">\n\t\t\t\t\n\t\t\t\t\n\t\t\t\t\n\t\t\t\t\n\t\t\t\t\n\t\t\t<\/div> 01 30 56 63 82 06 61 95 34 89 contact@suzanarp.fr PARIS | 78860 Saint-Nom-la-Bret\u00e8che Suzana Biseul is an active member of: PRformance et Les \u00e9lectrons associ\u00e9s Facebook | Twitter | LinkedIn | Google + | Viadeo | Pinterest | Scoop IT<\/p>\n","protected":false},"author":1,"featured_media":0,"parent":0,"menu_order":0,"comment_status":"closed","ping_status":"closed","template":"","meta":{"_et_pb_use_builder":"on","_et_pb_old_content":"","_et_gb_content_width":"","footnotes":""},"class_list":["post-4363","page","type-page","status-publish","hentry"],"_links":{"self":[{"href":"https:\/\/www.suzanarp.fr\/en\/wp-json\/wp\/v2\/pages\/4363","targetHints":{"allow":["GET"]}}],"collection":[{"href":"https:\/\/www.suzanarp.fr\/en\/wp-json\/wp\/v2\/pages"}],"about":[{"href":"https:\/\/www.suzanarp.fr\/en\/wp-json\/wp\/v2\/types\/page"}],"author":[{"embeddable":true,"href":"https:\/\/www.suzanarp.fr\/en\/wp-json\/wp\/v2\/users\/1"}],"replies":[{"embeddable":true,"href":"https:\/\/www.suzanarp.fr\/en\/wp-json\/wp\/v2\/comments?post=4363"}],"version-history":[{"count":4,"href":"https:\/\/www.suzanarp.fr\/en\/wp-json\/wp\/v2\/pages\/4363\/revisions"}],"predecessor-version":[{"id":4411,"href":"https:\/\/www.suzanarp.fr\/en\/wp-json\/wp\/v2\/pages\/4363\/revisions\/4411"}],"wp:attachment":[{"href":"https:\/\/www.suzanarp.fr\/en\/wp-json\/wp\/v2\/media?parent=4363"}],"curies":[{"name":"wp","href":"https:\/\/api.w.org\/{rel}","templated":true}]}}