{"id":4385,"date":"2017-09-11T11:36:41","date_gmt":"2017-09-11T09:36:41","guid":{"rendered":"https:\/\/www.suzanarp.fr\/sitemap\/"},"modified":"2017-09-11T11:36:42","modified_gmt":"2017-09-11T09:36:42","slug":"sitemap","status":"publish","type":"page","link":"https:\/\/www.suzanarp.fr\/en\/sitemap\/","title":{"rendered":"sitemap"},"content":{"rendered":"<p>[et_pb_section bb_built=&#8221;1&#8243; admin_label=&#8221;Section&#8221; fullwidth=&#8221;on&#8221; specialty=&#8221;off&#8221; transparent_background=&#8221;off&#8221; allow_player_pause=&#8221;off&#8221; inner_shadow=&#8221;off&#8221; parallax=&#8221;off&#8221; parallax_method=&#8221;on&#8221; custom_padding=&#8221;||0px|&#8221; make_fullwidth=&#8221;off&#8221; use_custom_width=&#8221;off&#8221; width_unit=&#8221;on&#8221; make_equal=&#8221;off&#8221; use_custom_gutter=&#8221;off&#8221;][et_pb_fullwidth_post_title admin_label=&#8221;Titre du poste en pleine largeur&#8221; title=&#8221;on&#8221; meta=&#8221;off&#8221; author=&#8221;on&#8221; date=&#8221;on&#8221; categories=&#8221;on&#8221; comments=&#8221;on&#8221; featured_image=&#8221;off&#8221; featured_placement=&#8221;background&#8221; parallax_effect=&#8221;on&#8221; parallax_method=&#8221;on&#8221; text_orientation=&#8221;left&#8221; text_color=&#8221;light&#8221; text_background=&#8221;off&#8221; text_bg_color=&#8221;rgba(255,255,255,0.9)&#8221; module_bg_color=&#8221;#e2007a&#8221; use_border_color=&#8221;off&#8221; border_color=&#8221;#ffffff&#8221; border_style=&#8221;solid&#8221; custom_margin=&#8221;0px|0px|0px|0px&#8221; title_font=&#8221;|||on|&#8221; custom_padding=&#8221;30px|0px|20px|0px&#8221; title_font_size=&#8221;40px&#8221; \/][\/et_pb_section][et_pb_section bb_built=&#8221;1&#8243; admin_label=&#8221;section&#8221; transparent_background=&#8221;off&#8221; allow_player_pause=&#8221;off&#8221; inner_shadow=&#8221;off&#8221; parallax=&#8221;off&#8221; parallax_method=&#8221;on&#8221; custom_padding=&#8221;0px|||&#8221; make_fullwidth=&#8221;off&#8221; use_custom_width=&#8221;off&#8221; width_unit=&#8221;on&#8221; make_equal=&#8221;off&#8221; use_custom_gutter=&#8221;off&#8221;][et_pb_row admin_label=&#8221;Ligne&#8221;][et_pb_column type=&#8221;2_3&#8243;][et_pb_text admin_label=&#8221;Texte&#8221; background_layout=&#8221;light&#8221; text_orientation=&#8221;left&#8221; use_border_color=&#8221;off&#8221; border_color=&#8221;#ffffff&#8221; border_style=&#8221;solid&#8221;] <div class=\"wsp-container\"><h2 class=\"wsp-pages-title\">Pages<\/h2>\n<ul class=\"wsp-pages-list\">\n<li class=\"page_item page-item-4220\"><a href=\"https:\/\/www.suzanarp.fr\/en\/about\/\">about<\/a><\/li>\n<li class=\"page_item page-item-4363\"><a href=\"https:\/\/www.suzanarp.fr\/en\/blog-en\/\">blog english<\/a><\/li>\n<li class=\"page_item page-item-4244\"><a href=\"https:\/\/www.suzanarp.fr\/en\/clients\/\">clients<\/a><\/li>\n<li class=\"page_item page-item-4194\"><a href=\"https:\/\/www.suzanarp.fr\/en\/\">home<\/a><\/li>\n<li class=\"page_item page-item-4256\"><a href=\"https:\/\/www.suzanarp.fr\/en\/legal\/\">legal<\/a><\/li>\n<li class=\"page_item page-item-4225\"><a href=\"https:\/\/www.suzanarp.fr\/en\/services\/\">services<\/a><\/li>\n<li class=\"page_item page-item-4385\"><a href=\"https:\/\/www.suzanarp.fr\/en\/sitemap\/\">sitemap<\/a><\/li>\n<li class=\"page_item page-item-4231\"><a href=\"https:\/\/www.suzanarp.fr\/en\/work-methodology\/\">work methodology<\/a><\/li>\n<\/ul>\n<\/div><div class=\"wsp-container\"><h2 class=\"wsp-categories-title\">Categories<\/h2>\n<ul class=\"wsp-categories-list\">\n\t<li><a href=\"https:\/\/www.suzanarp.fr\/en\/category\/articles\/\">Articles<\/a><\/li>\n\t<li><a href=\"https:\/\/www.suzanarp.fr\/en\/category\/press-releases\/\">Press Releases<\/a><\/li>\n<\/ul>\n<\/div><div class=\"wsp-container\"><h2 class=\"wsp-posts-title\">Posts by category<\/h2>\n<ul class=\"wsp-posts-list\">\n\t<li><strong class=\"wsp-category-title\">Category: <a href=\"https:\/\/www.suzanarp.fr\/en\/category\/articles\/\">Articles<\/a><\/strong>\n<ul class=\"wsp-posts-list\">\t\t<li class=\"wsp-post\"><a href=\"https:\/\/www.suzanarp.fr\/en\/how-far-does-your-business-depend-on-gnss\/\">How far does your business depend on GNSS?<\/a><\/li>\n\t\t<li class=\"wsp-post\"><a href=\"https:\/\/www.suzanarp.fr\/en\/identifying-pockets-of-opportunity-around-the-globe\/\">Identifying pockets of opportunity around the globe<\/a><\/li>\n<\/ul><\/li>\n\t<li><strong class=\"wsp-category-title\">Category: <a href=\"https:\/\/www.suzanarp.fr\/en\/category\/press-releases\/\">Press Releases<\/a><\/strong>\n<ul class=\"wsp-posts-list\">\t\t<li class=\"wsp-post\"><a href=\"https:\/\/www.suzanarp.fr\/en\/nielsen-breakthrough-innovation-successes\/\">Nielsen &#8212; \u2018breakthrough\u2019 innovation successes<\/a><\/li>\n\t\t<li class=\"wsp-post\"><a href=\"https:\/\/www.suzanarp.fr\/en\/ondot-systems-consumer-controls-over-payments-and-banking-services-in-europe\/\">ONDOT SYSTEMS-Consumer Controls over Payments and Banking Services in Europe<\/a><\/li>\n\t\t<li class=\"wsp-post\"><a href=\"https:\/\/www.suzanarp.fr\/en\/spirent-enables-tier-1-operators-to-rapidly-on-board-and-proactively-assure-critical-virtual-and-iot-services\/\">Spirent Enables Tier 1 Operators to Rapidly On-Board and Proactively Assure Critical Virtual and IoT Services<\/a><\/li>\n\t\t<li class=\"wsp-post\"><a href=\"https:\/\/www.suzanarp.fr\/en\/spirent-introduces-new-security-and-performance-testing-solution-for-app-aware-devices-and-infrastructures\/\">Spirent Introduces New Security and Performance Testing Solution for App-Aware Devices and Infrastructures<\/a><\/li>\n<\/ul><\/li>\n<\/ul>\n<\/div> [\/et_pb_text][\/et_pb_column][et_pb_column type=&#8221;1_3&#8243;][et_pb_sidebar admin_label=&#8221;Barre lat\u00e9rale&#8221; area=&#8221;sidebar-1&#8243; orientation=&#8221;right&#8221; remove_border=&#8221;off&#8221; background_layout=&#8221;light&#8221; \/][\/et_pb_column][\/et_pb_row][\/et_pb_section][et_pb_section bb_built=&#8221;1&#8243; admin_label=&#8221;Section&#8221; background_image=&#8221;https:\/\/www.suzanarp.fr\/wp-content\/uploads\/2017\/03\/typewriter2.jpg&#8221; transparent_background=&#8221;off&#8221; allow_player_pause=&#8221;off&#8221; inner_shadow=&#8221;off&#8221; parallax=&#8221;off&#8221; parallax_method=&#8221;on&#8221; make_fullwidth=&#8221;off&#8221; use_custom_width=&#8221;off&#8221; width_unit=&#8221;on&#8221; make_equal=&#8221;off&#8221; use_custom_gutter=&#8221;off&#8221; custom_css_main_element=&#8221;padding:1% 0;&#8221; global_module=&#8221;3946&#8243;][et_pb_row admin_label=&#8221;Ligne&#8221; global_parent=&#8221;3946&#8243; make_fullwidth=&#8221;off&#8221; use_custom_width=&#8221;off&#8221; width_unit=&#8221;on&#8221; use_custom_gutter=&#8221;off&#8221; allow_player_pause=&#8221;off&#8221; parallax=&#8221;off&#8221; parallax_method=&#8221;on&#8221; make_equal=&#8221;off&#8221; parallax_1=&#8221;off&#8221; parallax_method_1=&#8221;off&#8221; module_id=&#8221;contactform&#8221;][et_pb_column type=&#8221;4_4&#8243;][et_pb_text admin_label=&#8221;Texte&#8221; global_parent=&#8221;3946&#8243; text_orientation=&#8221;center&#8221; header_font_size=&#8221;50px&#8221; background_layout=&#8221;light&#8221; use_border_color=&#8221;off&#8221; border_color=&#8221;#ffffff&#8221; border_style=&#8221;solid&#8221;]<\/p>\n<h1 style=\"text-transform: uppercase;\">Contact<\/h1>\n<p>[\/et_pb_text][\/et_pb_column][\/et_pb_row][et_pb_row admin_label=&#8221;Ligne&#8221; global_parent=&#8221;3946&#8243;][et_pb_column type=&#8221;1_2&#8243;][et_pb_text admin_label=&#8221;Texte&#8221; global_parent=&#8221;3946&#8243; background_layout=&#8221;light&#8221; text_orientation=&#8221;left&#8221; use_border_color=&#8221;off&#8221; border_color=&#8221;#ffffff&#8221; border_style=&#8221;solid&#8221;]<\/p>\n<h3><img loading=\"lazy\" decoding=\"async\" class=\"wp-image-167 size-full\" src=\"https:\/\/www.suzanarp.fr\/wp-content\/uploads\/2017\/03\/Logo-Suzana-2-e1493374705180.png\" alt=\"\" width=\"200\" height=\"57\" \/><\/h3>\n<h3><img loading=\"lazy\" decoding=\"async\" class=\"alignleft wp-image-282 size-full\" src=\"https:\/\/www.suzanarp.fr\/wp-content\/uploads\/2017\/03\/tel.png\" alt=\"\" width=\"40\" height=\"40\" \/><\/h3>\n<h3>01 30 56 63 82<\/h3>\n<h3><img loading=\"lazy\" decoding=\"async\" class=\"alignleft wp-image-281 size-full\" src=\"https:\/\/www.suzanarp.fr\/wp-content\/uploads\/2017\/03\/mobile.png\" alt=\"\" width=\"40\" height=\"40\" \/><\/h3>\n<h3>06 61 95 34 89<\/h3>\n<h3><img loading=\"lazy\" decoding=\"async\" class=\"alignleft wp-image-289 size-full\" src=\"https:\/\/www.suzanarp.fr\/wp-content\/uploads\/2017\/04\/mail.png\" alt=\"\" width=\"40\" height=\"40\" \/><\/h3>\n<h3><a href=\"mailto:contact@suzanarp.fr\">contact@suzanarp.fr<\/a><\/h3>\n<h3><img loading=\"lazy\" decoding=\"async\" class=\"alignleft wp-image-290 size-full\" src=\"https:\/\/www.suzanarp.fr\/wp-content\/uploads\/2017\/04\/compass.png\" alt=\"\" width=\"40\" height=\"40\" \/><\/h3>\n<h3>PARIS | 78860 Saint-Nom-la-Bret\u00e8che<\/h3>\n<p>[\/et_pb_text][\/et_pb_column][et_pb_column type=&#8221;1_2&#8243;][et_pb_contact_form admin_label=&#8221;Formulaire de contact&#8221; global_parent=&#8221;3946&#8243; email=&#8221;contact@suzanarp.fr&#8221; module_id=&#8221;et_pb_contact_form_0&#8243; captcha=&#8221;on&#8221; use_redirect=&#8221;off&#8221; input_border_radius=&#8221;0&#8243; use_border_color=&#8221;off&#8221; border_color=&#8221;#ffffff&#8221; border_style=&#8221;solid&#8221; custom_button=&#8221;off&#8221; button_letter_spacing=&#8221;0&#8243; button_use_icon=&#8221;default&#8221; button_icon_placement=&#8221;right&#8221; button_on_hover=&#8221;on&#8221; button_letter_spacing_hover=&#8221;0&#8243;] [et_pb_contact_field field_id=&#8221;Name&#8221; field_title=&#8221;Name&#8221; field_type=&#8221;input&#8221; required_mark=&#8221;on&#8221; field_background_color=&#8221;rgba(255,255,255,0.8)&#8221; fullwidth_field=&#8221;off&#8221; form_field_font_select=&#8221;default&#8221; form_field_font=&#8221;||||&#8221; use_border_color=&#8221;off&#8221; border_style=&#8221;solid&#8221; \/][et_pb_contact_field field_id=&#8221;Email&#8221; field_title=&#8221;Email&#8221; field_type=&#8221;email&#8221; required_mark=&#8221;on&#8221; field_background_color=&#8221;rgba(255,255,255,0.8)&#8221; fullwidth_field=&#8221;off&#8221; form_field_font_select=&#8221;default&#8221; form_field_font=&#8221;||||&#8221; use_border_color=&#8221;off&#8221; border_style=&#8221;solid&#8221; \/][et_pb_contact_field field_id=&#8221;Message&#8221; field_title=&#8221;Message&#8221; field_type=&#8221;text&#8221; fullwidth_field=&#8221;on&#8221; required_mark=&#8221;on&#8221; field_background_color=&#8221;rgba(255,255,255,0.8)&#8221; form_field_font_select=&#8221;default&#8221; form_field_font=&#8221;||||&#8221; use_border_color=&#8221;off&#8221; border_style=&#8221;solid&#8221; \/] [\/et_pb_contact_form][\/et_pb_column][\/et_pb_row][\/et_pb_section][et_pb_section bb_built=&#8221;1&#8243; admin_label=&#8221;Section&#8221; fullwidth=&#8221;off&#8221; specialty=&#8221;off&#8221; transparent_background=&#8221;off&#8221; background_color=&#8221;#e2007a&#8221; allow_player_pause=&#8221;off&#8221; inner_shadow=&#8221;off&#8221; parallax=&#8221;off&#8221; parallax_method=&#8221;on&#8221; make_fullwidth=&#8221;off&#8221; use_custom_width=&#8221;off&#8221; width_unit=&#8221;on&#8221; make_equal=&#8221;off&#8221; use_custom_gutter=&#8221;off&#8221; custom_padding=&#8221;0px||0px|&#8221; global_module=&#8221;3947&#8243;][et_pb_row admin_label=&#8221;Ligne&#8221; global_parent=&#8221;3947&#8243;][et_pb_column type=&#8221;1_3&#8243;][et_pb_text admin_label=&#8221;Texte&#8221; global_parent=&#8221;3947&#8243; background_layout=&#8221;dark&#8221; text_orientation=&#8221;left&#8221; use_border_color=&#8221;off&#8221; border_color=&#8221;#ffffff&#8221; border_style=&#8221;solid&#8221; text_text_color=&#8221;#ffffff&#8221;]<\/p>\n<p>Suzana Biseul is an active member of:<br \/>\n<span style=\"color: #ffffff;\"><a style=\"color: #ffffff;\" href=\"http:\/\/www.prformance.com\/\" target=\"_blank\" rel=\"noopener noreferrer\">PRformance <\/a>et <a style=\"color: #ffffff;\" href=\"https:\/\/electronsassocies.wordpress.com\/\" target=\"_blank\" rel=\"noopener noreferrer\">Les \u00e9lectrons associ\u00e9s<\/a><\/span><\/p>\n<p>[\/et_pb_text][\/et_pb_column][et_pb_column type=&#8221;1_3&#8243;][\/et_pb_column][et_pb_column type=&#8221;1_3&#8243;][et_pb_text admin_label=&#8221;Texte&#8221; global_parent=&#8221;3947&#8243; background_layout=&#8221;light&#8221; text_orientation=&#8221;left&#8221; use_border_color=&#8221;off&#8221; border_color=&#8221;#ffffff&#8221; border_style=&#8221;solid&#8221; text_text_color=&#8221;#ffffff&#8221;] <span style=\"color: #ffffff;\"><a style=\"color: #ffffff;\" href=\"https:\/\/www.facebook.com\/suzana.biseul\" target=\"_blank\" rel=\"noopener noreferrer\">Facebook<\/a> | <a style=\"color: #ffffff;\" href=\"https:\/\/twitter.com\/suzanaBi\" target=\"_blank\" rel=\"noopener noreferrer\">Twitter<\/a> | <a style=\"color: #ffffff;\" href=\"https:\/\/www.linkedin.com\/pub\/suzana-biseul\/1\/47b\/b62\" target=\"_blank\" rel=\"noopener noreferrer\">LinkedIn<\/a> | <a style=\"color: #ffffff;\" href=\"https:\/\/plus.google.com\/101573938320119686438\" target=\"_blank\" rel=\"noopener noreferrer\">Google +<\/a> | <a style=\"color: #ffffff;\" href=\"http:\/\/www.viadeo.com\/fr\/profile\/suzana.biseul\" target=\"_blank\" rel=\"noopener noreferrer\">Viadeo<\/a> | <a style=\"color: #ffffff;\" href=\"http:\/\/www.pinterest.com\/suzanabiseul\/\" target=\"_blank\" rel=\"noopener noreferrer\">Pinterest<\/a> | <a style=\"color: #ffffff;\" href=\"http:\/\/www.scoop.it\/u\/suzana-biseul-pro\" target=\"_blank\" rel=\"noopener noreferrer\">Scoop IT<\/a><\/span> [\/et_pb_text][\/et_pb_column][\/et_pb_row][\/et_pb_section]<\/p>\n","protected":false},"excerpt":{"rendered":"<p><div class=\"wsp-container\"><h2 class=\"wsp-pages-title\">Pages<\/h2>\n<ul class=\"wsp-pages-list\">\n<li class=\"page_item page-item-4220\"><a href=\"https:\/\/www.suzanarp.fr\/en\/about\/\">about<\/a><\/li>\n<li class=\"page_item page-item-4363\"><a href=\"https:\/\/www.suzanarp.fr\/en\/blog-en\/\">blog english<\/a><\/li>\n<li class=\"page_item page-item-4244\"><a href=\"https:\/\/www.suzanarp.fr\/en\/clients\/\">clients<\/a><\/li>\n<li class=\"page_item page-item-4194\"><a href=\"https:\/\/www.suzanarp.fr\/en\/\">home<\/a><\/li>\n<li class=\"page_item page-item-4256\"><a href=\"https:\/\/www.suzanarp.fr\/en\/legal\/\">legal<\/a><\/li>\n<li class=\"page_item page-item-4225\"><a href=\"https:\/\/www.suzanarp.fr\/en\/services\/\">services<\/a><\/li>\n<li class=\"page_item page-item-4385\"><a href=\"https:\/\/www.suzanarp.fr\/en\/sitemap\/\">sitemap<\/a><\/li>\n<li class=\"page_item page-item-4231\"><a href=\"https:\/\/www.suzanarp.fr\/en\/work-methodology\/\">work methodology<\/a><\/li>\n<\/ul>\n<\/div><div class=\"wsp-container\"><h2 class=\"wsp-categories-title\">Categories<\/h2>\n<ul class=\"wsp-categories-list\">\n\t<li><a href=\"https:\/\/www.suzanarp.fr\/en\/category\/articles\/\">Articles<\/a><\/li>\n\t<li><a href=\"https:\/\/www.suzanarp.fr\/en\/category\/press-releases\/\">Press Releases<\/a><\/li>\n<\/ul>\n<\/div><div class=\"wsp-container\"><h2 class=\"wsp-posts-title\">Posts by category<\/h2>\n<ul class=\"wsp-posts-list\">\n\t<li><strong class=\"wsp-category-title\">Category: <a href=\"https:\/\/www.suzanarp.fr\/en\/category\/articles\/\">Articles<\/a><\/strong>\n<ul class=\"wsp-posts-list\">\t\t<li class=\"wsp-post\"><a href=\"https:\/\/www.suzanarp.fr\/en\/how-far-does-your-business-depend-on-gnss\/\">How far does your business depend on GNSS?<\/a><\/li>\n\t\t<li class=\"wsp-post\"><a href=\"https:\/\/www.suzanarp.fr\/en\/identifying-pockets-of-opportunity-around-the-globe\/\">Identifying pockets of opportunity around the globe<\/a><\/li>\n<\/ul><\/li>\n\t<li><strong class=\"wsp-category-title\">Category: <a href=\"https:\/\/www.suzanarp.fr\/en\/category\/press-releases\/\">Press Releases<\/a><\/strong>\n<ul class=\"wsp-posts-list\">\t\t<li class=\"wsp-post\"><a href=\"https:\/\/www.suzanarp.fr\/en\/nielsen-breakthrough-innovation-successes\/\">Nielsen &#8212; \u2018breakthrough\u2019 innovation successes<\/a><\/li>\n\t\t<li class=\"wsp-post\"><a href=\"https:\/\/www.suzanarp.fr\/en\/ondot-systems-consumer-controls-over-payments-and-banking-services-in-europe\/\">ONDOT SYSTEMS-Consumer Controls over Payments and Banking Services in Europe<\/a><\/li>\n\t\t<li class=\"wsp-post\"><a href=\"https:\/\/www.suzanarp.fr\/en\/spirent-enables-tier-1-operators-to-rapidly-on-board-and-proactively-assure-critical-virtual-and-iot-services\/\">Spirent Enables Tier 1 Operators to Rapidly On-Board and Proactively Assure Critical Virtual and IoT Services<\/a><\/li>\n\t\t<li class=\"wsp-post\"><a href=\"https:\/\/www.suzanarp.fr\/en\/spirent-introduces-new-security-and-performance-testing-solution-for-app-aware-devices-and-infrastructures\/\">Spirent Introduces New Security and Performance Testing Solution for App-Aware Devices and Infrastructures<\/a><\/li>\n<\/ul><\/li>\n<\/ul>\n<\/div> Contact 01 30 56 63 82 06 61 95 34 89 contact@suzanarp.fr PARIS | 78860 Saint-Nom-la-Bret\u00e8che Suzana Biseul is an active member of: PRformance et Les \u00e9lectrons associ\u00e9s Facebook | Twitter | LinkedIn | Google + | Viadeo | Pinterest | Scoop IT<\/p>\n","protected":false},"author":1,"featured_media":0,"parent":0,"menu_order":0,"comment_status":"closed","ping_status":"closed","template":"","meta":{"_et_pb_use_builder":"on","_et_pb_old_content":"<p>\u00a0<\/p><p>\u00a0<\/p>","_et_gb_content_width":"","footnotes":""},"class_list":["post-4385","page","type-page","status-publish","hentry"],"_links":{"self":[{"href":"https:\/\/www.suzanarp.fr\/en\/wp-json\/wp\/v2\/pages\/4385","targetHints":{"allow":["GET"]}}],"collection":[{"href":"https:\/\/www.suzanarp.fr\/en\/wp-json\/wp\/v2\/pages"}],"about":[{"href":"https:\/\/www.suzanarp.fr\/en\/wp-json\/wp\/v2\/types\/page"}],"author":[{"embeddable":true,"href":"https:\/\/www.suzanarp.fr\/en\/wp-json\/wp\/v2\/users\/1"}],"replies":[{"embeddable":true,"href":"https:\/\/www.suzanarp.fr\/en\/wp-json\/wp\/v2\/comments?post=4385"}],"version-history":[{"count":4,"href":"https:\/\/www.suzanarp.fr\/en\/wp-json\/wp\/v2\/pages\/4385\/revisions"}],"predecessor-version":[{"id":4389,"href":"https:\/\/www.suzanarp.fr\/en\/wp-json\/wp\/v2\/pages\/4385\/revisions\/4389"}],"wp:attachment":[{"href":"https:\/\/www.suzanarp.fr\/en\/wp-json\/wp\/v2\/media?parent=4385"}],"curies":[{"name":"wp","href":"https:\/\/api.w.org\/{rel}","templated":true}]}}